{"id":2966,"date":"2021-08-27T11:37:17","date_gmt":"2021-08-27T08:37:17","guid":{"rendered":"https:\/\/modulu-majas.lv\/k%d0%be%d0%bc%d0%bf%d0%bb%d0%b5%d0%ba%d1%82%d0%b0%d1%86%d0%b8%d1%8f\/"},"modified":"2022-04-05T16:36:20","modified_gmt":"2022-04-05T13:36:20","slug":"k%d0%be%d0%bc%d0%bf%d0%bb%d0%b5%d0%ba%d1%82%d0%b0%d1%86%d0%b8%d1%8f","status":"publish","type":"page","link":"https:\/\/modulu-majas.lv\/ru\/k%d0%be%d0%bc%d0%bf%d0%bb%d0%b5%d0%ba%d1%82%d0%b0%d1%86%d0%b8%d1%8f\/","title":{"rendered":"K\u043e\u043c\u043f\u043b\u0435\u043a\u0442\u0430\u0446\u0438\u044f"},"content":{"rendered":"\n<style type=\"text\/css\" data-created_by=\"avia_inline_auto\" id=\"style-css-av-kp6n7i17-34ea9f1c6c0211156068d2a97a33641c\">\n#top .av-special-heading.av-kp6n7i17-34ea9f1c6c0211156068d2a97a33641c{\npadding-bottom:10px;\n}\nbody .av-special-heading.av-kp6n7i17-34ea9f1c6c0211156068d2a97a33641c .av-special-heading-tag .heading-char{\nfont-size:25px;\n}\n.av-special-heading.av-kp6n7i17-34ea9f1c6c0211156068d2a97a33641c .av-subheading{\nfont-size:15px;\n}\n<\/style>\n<div  class='av-special-heading av-kp6n7i17-34ea9f1c6c0211156068d2a97a33641c av-special-heading-h1  avia-builder-el-0  el_before_av_table  avia-builder-el-first '><h1 class='av-special-heading-tag '  itemprop=\"headline\"  >K\u043e\u043c\u043f\u043b\u0435\u043a\u0442\u0430\u0446\u0438\u044f<\/h1><div class=\"special-heading-border\"><div class=\"special-heading-inner-border\"><\/div><\/div><\/div>\n<div class='avia-data-table-wrap av-10d6r5j-b7070825e4349938cce0eee1548aa169 avia_responsive_table avia-table-1'><table  class='avia-table avia-data-table avia_pricing_default  avia-builder-el-1  el_after_av_heading  el_before_av_heading '  itemscope=\"itemscope\" itemtype=\"https:\/\/schema.org\/Table\" ><tbody><tr class='avia-heading-row'><th class='avia-desc-col'>\u00a0<\/th><th class=''>\u041a\u043e\u0442\u0442\u0435\u0434\u0436\u0438<\/th><th class='avia-highlight-col'>\u0412\u0441\u0435\u0441\u0435\u0437\u043e\u043d\u043d\u044b\u0439 \u0441\u0435\u0437\u043e\u043d<\/th><\/tr><tr class=''><th class='avia-desc-col'>\u0426\u0435\u043d\u0430 \u20ac\/m<sup>2<\/sup><\/th><td class=''>640-680 EUR \u0431\u0435\u0437 \u041d\u0414\u0421<\/td><td class='avia-highlight-col'>690 &#8212; 730 EUR \u0431\u0435\u0437 \u041d\u0414\u0421<\/td><\/tr><tr class=''><th class='avia-desc-col'>\u041f\u043e\u0442\u043e\u043b\u043e\u0447\u043d\u044b\u0439 \u043f\u0438\u0440\u043e\u0433<\/th><td class=''>\u041e\u043a\u0440\u0430\u0448\u0435\u043d\u043d\u044b\u0435 \u043e\u043b\u043e\u0432\u0430 \u041a\u0440\u043e\u0432\u0430\u0432\u043e\u0435<br \/>\n\u041e\u0446\u0435\u043d\u0435\u043d\u043d\u0430\u044f \u043f\u043b\u0430\u043d\u043a\u0430 25\u043c\u043c<br \/>\n\u0412\u043e\u0437\u0434\u0443\u0448\u043d\u044b\u0439 \u0440\u0430\u0437\u0440\u044b\u0432 20\u043c\u043c<br \/>\n\u041a\u043e\u043d\u0434\u0435\u043d\u0441\u0430\u0442\u043d\u0430\u044f \u043f\u043b\u0435\u043d\u043a\u0430<br \/>\n\u0418\u0437\u043e\u043b\u044f\u0446\u0438\u044f 150 \u043c\u043c (\u043c\u0438\u043d\u0435\u0440\u0430\u043b\u044c\u043d\u0430\u044f \u0448\u0435\u0440\u0441\u0442\u044c KNAUF)<br \/>\n\u0412\u0435\u0442\u0440\u043e\u0432\u0430\u044f \u0444\u043e\u043b\u044c\u0433\u0430<br \/>\nCD \u041f\u0440\u043e\u0444\u0438\u043b\u044c \u043a\u0430\u0434\u0440 35mm<br \/>\n\u0413\u0438\u043f\u0441 12\u043c\u043c<\/td><td class='avia-highlight-col'>\u041e\u043a\u0440\u0430\u0448\u0435\u043d\u043d\u044b\u0435 \u043e\u043b\u043e\u0432\u0430 \u041a\u0440\u043e\u0432\u0430\u0432\u043e\u0435<br \/>\n\u041e\u0446\u0435\u043d\u0435\u043d\u043d\u0430\u044f \u043f\u043b\u0430\u043d\u043a\u0430 25\u043c\u043c<br \/>\n\u0412\u043e\u0437\u0434\u0443\u0448\u043d\u044b\u0439 \u0440\u0430\u0437\u0440\u044b\u0432 20\u043c\u043c<br \/>\n\u041a\u043e\u043d\u0434\u0435\u043d\u0441\u0430 \u0444\u0438\u043b\u044c\u043c (\u043a\u043b\u0435\u0439 \u0441 \u043a\u043b\u0435\u0439\u043a\u043e\u0439 \u043b\u0435\u043d\u0442\u043e\u0439 AlfaFlex \u0413\u0435\u0440\u043c\u0430\u043d\u0438\u044f)<br \/>\n\u0418\u0437\u043e\u043b\u044f\u0446\u0438\u044f 300\u043c\u043c (\u043c\u0438\u043d\u0435\u0440\u0430\u043b\u044c\u043d\u0430\u044f \u0448\u0435\u0440\u0441\u0442\u044c KNAUF)<br \/>\n\u041f\u0430\u0440\u043e\u0432\u0430\u044f \u0438\u0437\u043e\u043b\u044f\u0446\u0438\u044f 200 \u043c\u0438\u043a\u0440\u043e\u043d (\u0441\u043a\u043b\u0435\u0435\u043d\u043e \u043a\u043b\u0435\u0439\u043a\u043e\u0439 \u043b\u0435\u043d\u0442\u043e\u0439 AlfaFlex \u0413\u0435\u0440\u043c\u0430\u043d\u0438\u044f)<br \/>\nCD \u041f\u0440\u043e\u0444\u0438\u043b\u044c \u043a\u0430\u0434\u0440 35mm<br \/>\n\u0413\u0438\u043f\u0441 12\u043c\u043c<\/td><\/tr><tr class=''><th class='avia-desc-col'>\u041d\u0430\u0441\u0442\u0435\u043d\u043d\u044b\u0439 \u043f\u0438\u0440\u043e\u0433<\/th><td class=''>\u041e\u0442\u0434\u0435\u043b\u043e\u0447\u043d\u044b\u0435 \u0434\u043e\u0441\u043a\u0438 (\u0440\u0430\u0437\u043d\u044b\u0435)<br \/>\n\u0412\u043e\u0437\u0434\u0443\u0448\u043d\u044b\u0439 \u0440\u0430\u0437\u0440\u044b\u0432 37\u043c\u043c<br \/>\n\u0412\u0435\u0442\u0440\u043e\u0432\u0430\u044f \u0444\u043e\u043b\u044c\u0433\u0430<br \/>\n\u0418\u0437\u043e\u043b\u044f\u0446\u0438\u044f 100 \u043c\u043c (KNAUF)<br \/>\n\u0412\u0435\u0442\u0440\u043e\u0432\u0430\u044f \u0444\u043e\u043b\u044c\u0433\u0430<br \/>\n\u041a\u0430\u0434\u0440 \u043f\u0440\u043e\u0444\u0438\u043b\u044f CD<br \/>\n\u0428\u0442\u0443\u043a\u0430\u0442\u0443\u0440\u043d\u044b\u0435 \u0434\u043e\u0441\u043a\u0438<\/td><td class='avia-highlight-col'>\u041e\u0442\u0434\u0435\u043b\u043e\u0447\u043d\u044b\u0435 \u0434\u043e\u0441\u043a\u0438 (\u0440\u0430\u0437\u043d\u044b\u0435)<br \/>\n\u0412\u043e\u0437\u0434\u0443\u0448\u043d\u044b\u0439 \u0440\u0430\u0437\u0440\u044b\u0432 37\u043c\u043c<br \/>\n\u0412\u0435\u0442\u0440\u043e\u0432\u0430\u044f \u043f\u043b\u0435\u043d\u043a\u0430 (\u0441\u043a\u043b\u0435\u0435\u043d\u0430 \u043a\u043b\u0435\u0439\u043a\u043e\u0439 \u043b\u0435\u043d\u0442\u043e\u0439 AlfaFlex \u0413\u0435\u0440\u043c\u0430\u043d\u0438\u044f)<br \/>\n\u0418\u0437\u043e\u043b\u044f\u0446\u0438\u044f 250 \u043c\u043c (ROCKMIN \u0438 \u043b\u0438\u0441\u0442\u044b)<br \/>\n\u041f\u0430\u0440\u043e\u0432\u0430\u044f \u0438\u0437\u043e\u043b\u044f\u0446\u0438\u044f 200 \u043c\u0438\u043a\u0440\u043e\u043d (\u0441\u043a\u043b\u0435\u0435\u043d\u043e \u043a\u043b\u0435\u0439\u043a\u043e\u0439 \u043b\u0435\u043d\u0442\u043e\u0439 AlfaFlex \u0413\u0435\u0440\u043c\u0430\u043d\u0438\u044f)<br \/>\n\u041a\u0430\u0434\u0440 \u043f\u0440\u043e\u0444\u0438\u043b\u044f CD<br \/>\n\u0428\u0442\u0443\u043a\u0430\u0442\u0443\u0440\u043d\u044b\u0435 \u0434\u043e\u0441\u043a\u0438<\/td><\/tr><tr class=''><th class='avia-desc-col'>\u041d\u0430\u043f\u043e\u043b\u044c\u043d\u044b\u0439 \u043f\u0438\u0440\u043e\u0433<\/th><td class=''>\u0413\u0430\u043b\u044c\u0432\u0430\u043d\u0438\u0437\u0438\u0440\u043e\u0432\u0430\u043d\u043d\u044b\u0439 \u043e\u0442\u0438\u043d<br \/>\n\u0412\u0435\u0442\u0440\u043e\u0432\u0430\u044f \u0444\u043e\u043b\u044c\u0433\u0430<br \/>\n\u0418\u0437\u043e\u043b\u044f\u0446\u0438\u044f 150 \u043c\u043c (KNAUF)<br \/>\nLages 190mm<br \/>\n\u0422\u043e\u043d\u043a\u0430\u044f \u043f\u0430\u043b\u0443\u0431\u0430 40x70mm S \u0438 100<br \/>\n\u0412\u0435\u0442\u0440\u043e\u0432\u0430\u044f \u0444\u043e\u043b\u044c\u0433\u0430<br \/>\nOSB \u0447\u0438\u043f\u0431\u043e\u0440\u0434 \u043f\u043b\u0438\u0442\u0430 12\u043c\u043c<\/td><td class='avia-highlight-col'>\u0413\u0430\u043b\u044c\u0432\u0430\u043d\u0438\u0437\u0438\u0440\u043e\u0432\u0430\u043d\u043d\u044b\u0439 \u043e\u0442\u0438\u043d<br \/>\n\u0412\u0435\u0442\u0440\u043e\u0432\u0430\u044f \u043f\u043b\u0435\u043d\u043a\u0430 (\u0441\u043a\u043b\u0435\u0435\u043d\u0430 \u043a\u043b\u0435\u0439\u043a\u043e\u0439 \u043b\u0435\u043d\u0442\u043e\u0439 AlfaFlex \u0413\u0435\u0440\u043c\u0430\u043d\u0438\u044f)<br \/>\n\u0422\u0435\u043f\u043b\u043e\u0432\u0430\u044f \u0438\u0437\u043e\u043b\u044f\u0446\u0438\u044f 250 \u043c\u043c (KNAUF)<br \/>\n\u041b\u0435\u0433\u0430\u0441 240\u043c\u043c<br \/>\n\u0422\u043e\u043d\u043a\u0430\u044f \u043f\u0430\u043b\u0443\u0431\u0430 40x70mm S \u0438 100<br \/>\n\u041f\u0430\u0440\u043e\u0432\u0430\u044f \u0438\u0437\u043e\u043b\u044f\u0446\u0438\u044f 200 \u043c\u0438\u043a\u0440\u043e\u043d (\u0441\u043a\u043b\u0435\u0435\u043d\u043e \u043a\u043b\u0435\u0439\u043a\u043e\u0439 \u043b\u0435\u043d\u0442\u043e\u0439 AlfaFlex \u0413\u0435\u0440\u043c\u0430\u043d\u0438\u044f)<br \/>\nOSB \u0447\u0438\u043f\u0431\u043e\u0440\u0434 \u043f\u043b\u0438\u0442\u0430 12\u043c\u043c<\/td><\/tr><tr class=''><th class='avia-desc-col'>\u041e\u043a\u043d\u0430<\/th><td class=''>5 \u043a\u0430\u043c\u0435\u0440 \u041f\u0412\u0425 \u043e\u043a\u043d\u0430 \u0441 2 \u0441\u0442\u0435\u043a\u043b\u044f\u043d\u043d\u044b\u043c\u0438 \u043f\u0430\u043a\u0435\u0442\u0430\u043c\u0438<\/td><td class='avia-highlight-col'>6 \u043a\u0430\u043c\u0435\u0440 \u041f\u0412\u0425 \u043e\u043a\u043d\u0430 \u0441 3 \u0441\u0442\u0435\u043a\u043b\u044f\u043d\u043d\u044b\u043c\u0438 \u043f\u0430\u043a\u0435\u0442\u0430\u043c\u0438<\/td><\/tr><tr class=''><th class='avia-desc-col'>\u041f\u0440\u043e\u0432\u043e\u0434\u043a\u0438<\/th><td class=''>\u0412\u0441\u044f \u044d\u043b\u0435\u043a\u0442\u0440\u043e\u043f\u0440\u043e\u0432\u043e\u0434\u043a\u0430 (\u0433\u043e\u0444\u0440\u0438\u0440\u043e\u0432\u0430\u043d\u043d\u0430\u044f) &#8212; \u0440\u043e\u0437\u0435\u0442\u043a\u0438, \u0432\u044b\u043a\u043b\u044e\u0447\u0430\u0442\u0435\u043b\u0438, \u0430\u0432\u0442\u043e\u043c\u0430\u0442\u043d\u0430\u044f \u043a\u043e\u0440\u043e\u0431\u043a\u0430, \u043a\u0440\u043e\u043c\u0435 \u0441\u0432\u0435\u0442\u043e\u0432\u044b\u0445 \u0442\u0435\u043b<\/td><td class='avia-highlight-col'>\u0412\u0441\u044f \u044d\u043b\u0435\u043a\u0442\u0440\u043e\u043f\u0440\u043e\u0432\u043e\u0434\u043a\u0430 (\u0433\u043e\u0444\u0440\u0438\u0440\u043e\u0432\u0430\u043d\u043d\u0430\u044f) &#8212; \u0440\u043e\u0437\u0435\u0442\u043a\u0438, \u0432\u044b\u043a\u043b\u044e\u0447\u0430\u0442\u0435\u043b\u0438, \u0430\u0432\u0442\u043e\u043c\u0430\u0442\u043d\u0430\u044f \u043a\u043e\u0440\u043e\u0431\u043a\u0430, \u043a\u0440\u043e\u043c\u0435 \u0441\u0432\u0435\u0442\u043e\u0432\u044b\u0445 \u0442\u0435\u043b<\/td><\/tr><tr class=''><th class='avia-desc-col'>\u041a\u0430\u043d\u0430\u043b\u0438\u0437\u0430\u0446\u0438\u0438<\/th><td class=''>\u041a\u0430\u043d\u0430\u043b\u0438\u0437\u0430\u0446\u0438\u043e\u043d\u043d\u044b\u0435 \u0442\u0440\u0443\u0431\u044b \u043a \u0444\u0443\u043d\u0434\u0430\u043c\u0435\u043d\u0442\u0443.<\/td><td class='avia-highlight-col'>\u041a\u0430\u043d\u0430\u043b\u0438\u0437\u0430\u0446\u0438\u043e\u043d\u043d\u044b\u0435 \u0442\u0440\u0443\u0431\u044b \u043a \u0444\u0443\u043d\u0434\u0430\u043c\u0435\u043d\u0442\u0443.<\/td><\/tr><\/tbody><\/table><\/div><style type='text\/css'>.avia-table-1 td:nth-of-type(0):before { content: '\u00a0'; } .avia-table-1 td:nth-of-type(1):before { content: '\u041a\u043e\u0442\u0442\u0435\u0434\u0436\u0438'; } .avia-table-1 td:nth-of-type(2):before { content: '\u0412\u0441\u0435\u0441\u0435\u0437\u043e\u043d\u043d\u044b\u0439 \u0441\u0435\u0437\u043e\u043d'; } <\/style>\n\n<style type=\"text\/css\" data-created_by=\"avia_inline_auto\" id=\"style-css-av-kp6nn74i-d0209971506e910eb4dfa1c48a0ca6db\">\n#top .av-special-heading.av-kp6nn74i-d0209971506e910eb4dfa1c48a0ca6db{\npadding-bottom:10px;\n}\nbody .av-special-heading.av-kp6nn74i-d0209971506e910eb4dfa1c48a0ca6db .av-special-heading-tag .heading-char{\nfont-size:25px;\n}\n.av-special-heading.av-kp6nn74i-d0209971506e910eb4dfa1c48a0ca6db .av-subheading{\nfont-size:15px;\n}\n<\/style>\n<div  class='av-special-heading av-kp6nn74i-d0209971506e910eb4dfa1c48a0ca6db av-special-heading-h3  avia-builder-el-2  el_after_av_table  el_before_av_table '><h3 class='av-special-heading-tag '  itemprop=\"headline\"  >\u0414\u043e\u043f\u043e\u043b\u043d\u0438\u0442\u0435\u043b\u044c\u043d\u044b\u0435 \u0441\u0431\u043e\u0440\u043a\u0438<\/h3><div class=\"special-heading-border\"><div class=\"special-heading-inner-border\"><\/div><\/div><\/div>\n<div class='avia-data-table-wrap av-18iby9z-6b854bcd2efab92e378403acc6f09b2c avia_responsive_table avia-table-2'><table  class='avia-table avia-data-table avia_pricing_default  avia-builder-el-3  el_after_av_heading  avia-builder-el-last '  itemscope=\"itemscope\" itemtype=\"https:\/\/schema.org\/Table\" ><tbody><tr class=''><th class='avia-desc-col'>\u041f\u043e\u043b\u043d\u0430\u044f \u0432\u043d\u0443\u0442\u0440\u0435\u043d\u043d\u044f\u044f \u043e\u0442\u0434\u0435\u043b\u043a\u0430<\/th><td class=''>200 \u0435\u0432\u0440\u043e \u043c2<\/td><\/tr><tr class=''><th class='avia-desc-col'>\u041f\u0435\u0447\u044c<\/th><td class=''>&#8230;<\/td><\/tr><tr class=''><th class='avia-desc-col'>&#8230;..<\/th><td class=''>&#8230;<\/td><\/tr><tr class=''><th class='avia-desc-col'>&#8230;..<\/th><td class=''>&#8230;<\/td><\/tr><\/tbody><\/table><\/div><style type='text\/css'>.avia-table-2 td:nth-of-type(1):before { content: '\u041f\u043e\u043b\u043d\u0430\u044f \u0432\u043d\u0443\u0442\u0440\u0435\u043d\u043d\u044f\u044f \u043e\u0442\u0434\u0435\u043b\u043a\u0430'; } <\/style>\n","protected":false},"excerpt":{"rendered":"","protected":false},"author":1,"featured_media":0,"parent":0,"menu_order":0,"comment_status":"closed","ping_status":"closed","template":"","meta":{"footnotes":""},"class_list":["post-2966","page","type-page","status-publish","hentry"],"yoast_head":"<!-- This site is optimized with the Yoast SEO plugin v26.7 - https:\/\/yoast.com\/wordpress\/plugins\/seo\/ -->\n<title>K\u043e\u043c\u043f\u043b\u0435\u043a\u0442\u0430\u0446\u0438\u044f - Modu\u013cu m\u0101jas \u2013 vasarn\u012bcas, vissezonas m\u0101jas, biroji, darbn\u012bcas<\/title>\n<meta name=\"robots\" content=\"index, follow, max-snippet:-1, max-image-preview:large, max-video-preview:-1\" \/>\n<link rel=\"canonical\" href=\"https:\/\/modulu-majas.lv\/ru\/k%d0%be%d0%bc%d0%bf%d0%bb%d0%b5%d0%ba%d1%82%d0%b0%d1%86%d0%b8%d1%8f\/\" \/>\n<meta property=\"og:locale\" content=\"ru_RU\" \/>\n<meta property=\"og:type\" content=\"article\" \/>\n<meta property=\"og:title\" content=\"K\u043e\u043c\u043f\u043b\u0435\u043a\u0442\u0430\u0446\u0438\u044f - Modu\u013cu m\u0101jas \u2013 vasarn\u012bcas, vissezonas m\u0101jas, biroji, darbn\u012bcas\" \/>\n<meta property=\"og:url\" content=\"https:\/\/modulu-majas.lv\/ru\/k%d0%be%d0%bc%d0%bf%d0%bb%d0%b5%d0%ba%d1%82%d0%b0%d1%86%d0%b8%d1%8f\/\" \/>\n<meta property=\"og:site_name\" content=\"Modu\u013cu m\u0101jas \u2013 vasarn\u012bcas, vissezonas m\u0101jas, biroji, darbn\u012bcas\" \/>\n<meta property=\"article:publisher\" content=\"https:\/\/www.facebook.com\/SparsAP\/\" \/>\n<meta property=\"article:modified_time\" content=\"2022-04-05T13:36:20+00:00\" \/>\n<meta name=\"twitter:card\" content=\"summary_large_image\" \/>\n<meta name=\"twitter:label1\" content=\"\u041f\u0440\u0438\u043c\u0435\u0440\u043d\u043e\u0435 \u0432\u0440\u0435\u043c\u044f \u0434\u043b\u044f \u0447\u0442\u0435\u043d\u0438\u044f\" \/>\n\t<meta name=\"twitter:data1\" content=\"4 \u043c\u0438\u043d\u0443\u0442\u044b\" \/>\n<script type=\"application\/ld+json\" class=\"yoast-schema-graph\">{\"@context\":\"https:\/\/schema.org\",\"@graph\":[{\"@type\":\"WebPage\",\"@id\":\"https:\/\/modulu-majas.lv\/ru\/k%d0%be%d0%bc%d0%bf%d0%bb%d0%b5%d0%ba%d1%82%d0%b0%d1%86%d0%b8%d1%8f\/\",\"url\":\"https:\/\/modulu-majas.lv\/ru\/k%d0%be%d0%bc%d0%bf%d0%bb%d0%b5%d0%ba%d1%82%d0%b0%d1%86%d0%b8%d1%8f\/\",\"name\":\"K\u043e\u043c\u043f\u043b\u0435\u043a\u0442\u0430\u0446\u0438\u044f - Modu\u013cu m\u0101jas \u2013 vasarn\u012bcas, vissezonas m\u0101jas, biroji, darbn\u012bcas\",\"isPartOf\":{\"@id\":\"https:\/\/modulu-majas.lv\/ru\/#website\"},\"datePublished\":\"2021-08-27T08:37:17+00:00\",\"dateModified\":\"2022-04-05T13:36:20+00:00\",\"breadcrumb\":{\"@id\":\"https:\/\/modulu-majas.lv\/ru\/k%d0%be%d0%bc%d0%bf%d0%bb%d0%b5%d0%ba%d1%82%d0%b0%d1%86%d0%b8%d1%8f\/#breadcrumb\"},\"inLanguage\":\"ru-RU\",\"potentialAction\":[{\"@type\":\"ReadAction\",\"target\":[\"https:\/\/modulu-majas.lv\/ru\/k%d0%be%d0%bc%d0%bf%d0%bb%d0%b5%d0%ba%d1%82%d0%b0%d1%86%d0%b8%d1%8f\/\"]}]},{\"@type\":\"BreadcrumbList\",\"@id\":\"https:\/\/modulu-majas.lv\/ru\/k%d0%be%d0%bc%d0%bf%d0%bb%d0%b5%d0%ba%d1%82%d0%b0%d1%86%d0%b8%d1%8f\/#breadcrumb\",\"itemListElement\":[{\"@type\":\"ListItem\",\"position\":1,\"name\":\"Home\",\"item\":\"https:\/\/modulu-majas.lv\/ru\/\"},{\"@type\":\"ListItem\",\"position\":2,\"name\":\"K\u043e\u043c\u043f\u043b\u0435\u043a\u0442\u0430\u0446\u0438\u044f\"}]},{\"@type\":\"WebSite\",\"@id\":\"https:\/\/modulu-majas.lv\/ru\/#website\",\"url\":\"https:\/\/modulu-majas.lv\/ru\/\",\"name\":\"Modu\u013cu m\u0101jas \u2013 vasarn\u012bcas, vissezonas m\u0101jas, biroji, darbn\u012bcas\",\"description\":\"No paaudzes paaudz\u0113\",\"publisher\":{\"@id\":\"https:\/\/modulu-majas.lv\/ru\/#organization\"},\"potentialAction\":[{\"@type\":\"SearchAction\",\"target\":{\"@type\":\"EntryPoint\",\"urlTemplate\":\"https:\/\/modulu-majas.lv\/ru\/?s={search_term_string}\"},\"query-input\":{\"@type\":\"PropertyValueSpecification\",\"valueRequired\":true,\"valueName\":\"search_term_string\"}}],\"inLanguage\":\"ru-RU\"},{\"@type\":\"Organization\",\"@id\":\"https:\/\/modulu-majas.lv\/ru\/#organization\",\"name\":\"Modu\u013cu m\u0101jas\",\"url\":\"https:\/\/modulu-majas.lv\/ru\/\",\"logo\":{\"@type\":\"ImageObject\",\"inLanguage\":\"ru-RU\",\"@id\":\"https:\/\/modulu-majas.lv\/ru\/#\/schema\/logo\/image\/\",\"url\":\"https:\/\/modulu-majas.lv\/wp-content\/uploads\/2020\/02\/Spars_AP-logo_no-paaudzes-paaudze.png\",\"contentUrl\":\"https:\/\/modulu-majas.lv\/wp-content\/uploads\/2020\/02\/Spars_AP-logo_no-paaudzes-paaudze.png\",\"width\":674,\"height\":264,\"caption\":\"Modu\u013cu m\u0101jas\"},\"image\":{\"@id\":\"https:\/\/modulu-majas.lv\/ru\/#\/schema\/logo\/image\/\"},\"sameAs\":[\"https:\/\/www.facebook.com\/SparsAP\/\"]}]}<\/script>\n<!-- \/ Yoast SEO plugin. -->","yoast_head_json":{"title":"K\u043e\u043c\u043f\u043b\u0435\u043a\u0442\u0430\u0446\u0438\u044f - Modu\u013cu m\u0101jas \u2013 vasarn\u012bcas, vissezonas m\u0101jas, biroji, darbn\u012bcas","robots":{"index":"index","follow":"follow","max-snippet":"max-snippet:-1","max-image-preview":"max-image-preview:large","max-video-preview":"max-video-preview:-1"},"canonical":"https:\/\/modulu-majas.lv\/ru\/k%d0%be%d0%bc%d0%bf%d0%bb%d0%b5%d0%ba%d1%82%d0%b0%d1%86%d0%b8%d1%8f\/","og_locale":"ru_RU","og_type":"article","og_title":"K\u043e\u043c\u043f\u043b\u0435\u043a\u0442\u0430\u0446\u0438\u044f - Modu\u013cu m\u0101jas \u2013 vasarn\u012bcas, vissezonas m\u0101jas, biroji, darbn\u012bcas","og_url":"https:\/\/modulu-majas.lv\/ru\/k%d0%be%d0%bc%d0%bf%d0%bb%d0%b5%d0%ba%d1%82%d0%b0%d1%86%d0%b8%d1%8f\/","og_site_name":"Modu\u013cu m\u0101jas \u2013 vasarn\u012bcas, vissezonas m\u0101jas, biroji, darbn\u012bcas","article_publisher":"https:\/\/www.facebook.com\/SparsAP\/","article_modified_time":"2022-04-05T13:36:20+00:00","twitter_card":"summary_large_image","twitter_misc":{"\u041f\u0440\u0438\u043c\u0435\u0440\u043d\u043e\u0435 \u0432\u0440\u0435\u043c\u044f \u0434\u043b\u044f \u0447\u0442\u0435\u043d\u0438\u044f":"4 \u043c\u0438\u043d\u0443\u0442\u044b"},"schema":{"@context":"https:\/\/schema.org","@graph":[{"@type":"WebPage","@id":"https:\/\/modulu-majas.lv\/ru\/k%d0%be%d0%bc%d0%bf%d0%bb%d0%b5%d0%ba%d1%82%d0%b0%d1%86%d0%b8%d1%8f\/","url":"https:\/\/modulu-majas.lv\/ru\/k%d0%be%d0%bc%d0%bf%d0%bb%d0%b5%d0%ba%d1%82%d0%b0%d1%86%d0%b8%d1%8f\/","name":"K\u043e\u043c\u043f\u043b\u0435\u043a\u0442\u0430\u0446\u0438\u044f - Modu\u013cu m\u0101jas \u2013 vasarn\u012bcas, vissezonas m\u0101jas, biroji, darbn\u012bcas","isPartOf":{"@id":"https:\/\/modulu-majas.lv\/ru\/#website"},"datePublished":"2021-08-27T08:37:17+00:00","dateModified":"2022-04-05T13:36:20+00:00","breadcrumb":{"@id":"https:\/\/modulu-majas.lv\/ru\/k%d0%be%d0%bc%d0%bf%d0%bb%d0%b5%d0%ba%d1%82%d0%b0%d1%86%d0%b8%d1%8f\/#breadcrumb"},"inLanguage":"ru-RU","potentialAction":[{"@type":"ReadAction","target":["https:\/\/modulu-majas.lv\/ru\/k%d0%be%d0%bc%d0%bf%d0%bb%d0%b5%d0%ba%d1%82%d0%b0%d1%86%d0%b8%d1%8f\/"]}]},{"@type":"BreadcrumbList","@id":"https:\/\/modulu-majas.lv\/ru\/k%d0%be%d0%bc%d0%bf%d0%bb%d0%b5%d0%ba%d1%82%d0%b0%d1%86%d0%b8%d1%8f\/#breadcrumb","itemListElement":[{"@type":"ListItem","position":1,"name":"Home","item":"https:\/\/modulu-majas.lv\/ru\/"},{"@type":"ListItem","position":2,"name":"K\u043e\u043c\u043f\u043b\u0435\u043a\u0442\u0430\u0446\u0438\u044f"}]},{"@type":"WebSite","@id":"https:\/\/modulu-majas.lv\/ru\/#website","url":"https:\/\/modulu-majas.lv\/ru\/","name":"Modu\u013cu m\u0101jas \u2013 vasarn\u012bcas, vissezonas m\u0101jas, biroji, darbn\u012bcas","description":"No paaudzes paaudz\u0113","publisher":{"@id":"https:\/\/modulu-majas.lv\/ru\/#organization"},"potentialAction":[{"@type":"SearchAction","target":{"@type":"EntryPoint","urlTemplate":"https:\/\/modulu-majas.lv\/ru\/?s={search_term_string}"},"query-input":{"@type":"PropertyValueSpecification","valueRequired":true,"valueName":"search_term_string"}}],"inLanguage":"ru-RU"},{"@type":"Organization","@id":"https:\/\/modulu-majas.lv\/ru\/#organization","name":"Modu\u013cu m\u0101jas","url":"https:\/\/modulu-majas.lv\/ru\/","logo":{"@type":"ImageObject","inLanguage":"ru-RU","@id":"https:\/\/modulu-majas.lv\/ru\/#\/schema\/logo\/image\/","url":"https:\/\/modulu-majas.lv\/wp-content\/uploads\/2020\/02\/Spars_AP-logo_no-paaudzes-paaudze.png","contentUrl":"https:\/\/modulu-majas.lv\/wp-content\/uploads\/2020\/02\/Spars_AP-logo_no-paaudzes-paaudze.png","width":674,"height":264,"caption":"Modu\u013cu m\u0101jas"},"image":{"@id":"https:\/\/modulu-majas.lv\/ru\/#\/schema\/logo\/image\/"},"sameAs":["https:\/\/www.facebook.com\/SparsAP\/"]}]}},"_links":{"self":[{"href":"https:\/\/modulu-majas.lv\/ru\/wp-json\/wp\/v2\/pages\/2966","targetHints":{"allow":["GET"]}}],"collection":[{"href":"https:\/\/modulu-majas.lv\/ru\/wp-json\/wp\/v2\/pages"}],"about":[{"href":"https:\/\/modulu-majas.lv\/ru\/wp-json\/wp\/v2\/types\/page"}],"author":[{"embeddable":true,"href":"https:\/\/modulu-majas.lv\/ru\/wp-json\/wp\/v2\/users\/1"}],"replies":[{"embeddable":true,"href":"https:\/\/modulu-majas.lv\/ru\/wp-json\/wp\/v2\/comments?post=2966"}],"version-history":[{"count":5,"href":"https:\/\/modulu-majas.lv\/ru\/wp-json\/wp\/v2\/pages\/2966\/revisions"}],"predecessor-version":[{"id":3107,"href":"https:\/\/modulu-majas.lv\/ru\/wp-json\/wp\/v2\/pages\/2966\/revisions\/3107"}],"wp:attachment":[{"href":"https:\/\/modulu-majas.lv\/ru\/wp-json\/wp\/v2\/media?parent=2966"}],"curies":[{"name":"wp","href":"https:\/\/api.w.org\/{rel}","templated":true}]}}