{"id":1018,"date":"2019-10-04T10:05:11","date_gmt":"2019-10-04T10:05:11","guid":{"rendered":"https:\/\/majas.bumbierkoks.com\/kontakti\/"},"modified":"2020-02-27T10:17:56","modified_gmt":"2020-02-27T08:17:56","slug":"kontakti","status":"publish","type":"page","link":"https:\/\/modulu-majas.lv\/ru\/kontakti\/","title":{"rendered":"\u041a\u043e\u043d\u0442\u0430\u043a\u0442\u044b"},"content":{"rendered":"<div  class='av_gmaps_sc_main_wrap av_gmaps_main_wrap '><div id='av_gmap_0' class='avia-google-map-container avia-google-map-sc av_gmaps_show_unconditionally av-no-fallback-img ' data-mapid='av_gmap_0'  style='height: 400px;'><a class=\"av_gmaps_browser_disabled av_text_confirm_link av_text_confirm_link_visible\" href=\"https:\/\/www.google.com\/maps\/search\/?api=1&#038;query=\u041e\u043b\u0430\u0439\u043d\u0435%20%20%20%20\u041b\u0430\u0442\u0432\u0438\u044f\" target=\"_blank\">Maps were disabled by the visitor on this site. Click to open the map in a new window.<\/a><\/div><\/div>\n\n<style type=\"text\/css\" data-created_by=\"avia_inline_auto\" id=\"style-css-av-2jjdod-0434a2b97343d2af97589887d76b3823\">\n.flex_column.av-2jjdod-0434a2b97343d2af97589887d76b3823{\nborder-radius:0px 0px 0px 0px;\npadding:0px 0px 0px 0px;\n}\n<\/style>\n<div  class='flex_column av-2jjdod-0434a2b97343d2af97589887d76b3823 av_two_third  avia-builder-el-1  el_after_av_google_map  el_before_av_one_third  avia-builder-el-first  first flex_column_div av-animated-generic bottom-to-top av-zero-column-padding  '     ><p>\n<style type=\"text\/css\" data-created_by=\"avia_inline_auto\" id=\"style-css-av-1nczc-00703ccbd99f90f6b967482ebac86226\">\n#top .av-special-heading.av-1nczc-00703ccbd99f90f6b967482ebac86226{\npadding-bottom:0;\n}\nbody .av-special-heading.av-1nczc-00703ccbd99f90f6b967482ebac86226 .av-special-heading-tag .heading-char{\nfont-size:25px;\n}\n.av-special-heading.av-1nczc-00703ccbd99f90f6b967482ebac86226 .av-subheading{\nfont-size:15px;\n}\n<\/style>\n<div  class='av-special-heading av-1nczc-00703ccbd99f90f6b967482ebac86226 av-special-heading-h3 blockquote modern-quote  avia-builder-el-2  el_before_av_hr  avia-builder-el-first  av-linked-heading'><h3 class='av-special-heading-tag '  itemprop=\"headline\"  >\u0417\u0430\u043a\u0430\u0436\u0438\u0442\u0435 \u0441\u0432\u043e\u0439 \u0434\u043e\u043c!<\/h3><div class=\"special-heading-border\"><div class=\"special-heading-inner-border\"><\/div><\/div><\/div><br \/>\n\n<style type=\"text\/css\" data-created_by=\"avia_inline_auto\" id=\"style-css-av-280wdp-9dbc60ef4d3975a3fff174becf5273d3\">\n#top .hr.av-280wdp-9dbc60ef4d3975a3fff174becf5273d3{\nmargin-top:10px;\nmargin-bottom:10px;\n}\n.hr.av-280wdp-9dbc60ef4d3975a3fff174becf5273d3 .hr-inner{\nwidth:50px;\nborder-color:#efbb20;\n}\n<\/style>\n<div  class='hr av-280wdp-9dbc60ef4d3975a3fff174becf5273d3 hr-custom  avia-builder-el-3  el_after_av_heading  el_before_av_contact  hr-left hr-icon-no'><span class='hr-inner inner-border-av-border-fat'><span class=\"hr-inner-style\"><\/span><\/span><\/div><br \/>\n<form action=\"https:\/\/modulu-majas.lv\/ru\/kontakti\/\" method=\"post\" data-fields-with-error=\"Found errors in the following field(s):\" class=\"avia_ajax_form av-form-labels-visible   avia-builder-el-4  el_after_av_hr  avia-builder-el-last   \" data-avia-form-id=\"1\" data-avia-redirect='' ><fieldset><p class='  first_form  form_element form_element_half' id='element_avia_1_1'><label for=\"avia_1_1\">\u0418\u043c\u044f <abbr class=\"required\" title=\"\u0442\u0440\u0435\u0431\u0443\u0435\u0442\u0441\u044f\">*<\/abbr><\/label> <input name=\"avia_1_1\" class=\"text_input is_empty\" type=\"text\" id=\"avia_1_1\" value=\"\" \/><\/p><p class='  form_element form_element_half' id='element_avia_2_1'><label for=\"avia_2_1\">\u041e\u0442\u043f\u0440\u0430\u0432\u0438\u0442\u044c \u043f\u043e \u044d\u043b\u0435\u043a\u0442\u0440\u043e\u043d\u043d\u043e\u0439 \u043f\u043e\u0447\u0442\u0435 <abbr class=\"required\" title=\"\u0442\u0440\u0435\u0431\u0443\u0435\u0442\u0441\u044f\">*<\/abbr><\/label> <input name=\"avia_2_1\" class=\"text_input is_email\" type=\"text\" id=\"avia_2_1\" value=\"\" \/><\/p><p class='  first_form  form_element form_element_half' id='element_avia_3_1'><label for=\"avia_3_1\">\u0422\u0435\u043c\u0430 <abbr class=\"required\" title=\"\u0442\u0440\u0435\u0431\u0443\u0435\u0442\u0441\u044f\">*<\/abbr><\/label> <input name=\"avia_3_1\" class=\"text_input is_empty\" type=\"text\" id=\"avia_3_1\" value=\"\" \/><\/p><p class='  form_element form_element_half' id='element_avia_4_1'><label for=\"avia_4_1\">\u041f\u0440\u0435\u0434\u043f\u043e\u0447\u0442\u0438\u0442\u0435\u043b\u044c\u043d\u044b\u0439 \u0431\u044e\u0434\u0436\u0435\u0442 <abbr class=\"required\" title=\"\u0442\u0440\u0435\u0431\u0443\u0435\u0442\u0441\u044f\">*<\/abbr><\/label><select  name=\"avia_4_1\" class=\"select is_empty\" id=\"avia_4_1\"><option   value='0\u20ac - 2 000\u20ac'>0\u20ac - 2 000\u20ac<\/option><option   value='2 000\u20ac - 5 000\u20ac'>2 000\u20ac - 5 000\u20ac<\/option><option   value='5 000\u20ac - 10 000\u20ac'>5 000\u20ac - 10 000\u20ac<\/option><option   value='10 000\u20ac - 20 000\u20ac'>10 000\u20ac - 20 000\u20ac<\/option><option   value='20 000\u20ac - 100 000\u20ac'>20 000\u20ac - 100 000\u20ac<\/option><\/select><\/p><p class='  first_form  form_element form_fullwidth' id='element_avia_5_1'><label for=\"avia_5_1\" class=\"textare_label hidden textare_label_avia_5_1\">\u041e\u043f\u0438\u0441\u0430\u043d\u0438\u0435 <abbr class=\"required\" title=\"\u0442\u0440\u0435\u0431\u0443\u0435\u0442\u0441\u044f\">*<\/abbr><\/label><textarea  name=\"avia_5_1\" class=\"text_area is_empty\" cols=\"40\" rows=\"7\" id=\"avia_5_1\" ><\/textarea><\/p><p class=\"hidden\"><input type=\"text\" name=\"avia_6_1\" class=\"hidden \" id=\"avia_6_1\" value=\"\" \/><\/p><div id='avia_7_1' class='av-recaptcha-area  first_form  form_element form_fullwidth '  data-container_class=\"\" data-custom_class=\"\" data-context=\"av_contact_form\" data-token_input=\"av_recaptcha_token\" data-version=\"avia_recaptcha_v2\" data-theme=\"light\" data-size=\"normal\" data-score=\"0.5\" data-text_to_preview=\"\" data-value=\"\"><div class=\"av-google-badge-message hidden\">This site is protected by reCAPTCHA and the Google <a href=\"https:\/\/policies.google.com\/privacy\">Privacy Policy<\/a> and <a href=\"https:\/\/policies.google.com\/terms\">Terms of Service<\/a> apply.<\/div><\/div><p class=\"form_element \"><input type=\"hidden\" value=\"1\" name=\"avia_generated_form1\" \/><input type=\"submit\" value=\"\u041e\u0442\u043f\u0440\u0430\u0432\u0438\u0442\u044c\" class=\"button\"  data-sending-label=\"\u041e\u0442\u043f\u0440\u0430\u0432\u043a\u0430\"\/><\/p><\/fieldset><div class=\"avia-disabled-form\">This contact form is deactivated because you refused to accept Google reCaptcha service which is necessary to validate any messages sent by the form.<\/div><\/form><div id=\"ajaxresponse_1\" class=\"ajaxresponse ajaxresponse_1 hidden\"><\/div><\/p><\/div>\n<style type=\"text\/css\" data-created_by=\"avia_inline_auto\" id=\"style-css-av-12ak9x-f535c76d9d02b202be4d8085a937039c\">\n.flex_column.av-12ak9x-f535c76d9d02b202be4d8085a937039c{\nborder-radius:0px 0px 0px 0px;\npadding:0px 0px 0px 0px;\n}\n<\/style>\n<div  class='flex_column av-12ak9x-f535c76d9d02b202be4d8085a937039c av_one_third  avia-builder-el-5  el_after_av_two_third  avia-builder-el-last  flex_column_div av-animated-generic bottom-to-top av-zero-column-padding  '     ><p>\n<style type=\"text\/css\" data-created_by=\"avia_inline_auto\" id=\"style-css-av-yp90-9e9588bbb520177f139f4e5445093e5f\">\n#top .av-special-heading.av-yp90-9e9588bbb520177f139f4e5445093e5f{\npadding-bottom:0;\n}\nbody .av-special-heading.av-yp90-9e9588bbb520177f139f4e5445093e5f .av-special-heading-tag .heading-char{\nfont-size:25px;\n}\n.av-special-heading.av-yp90-9e9588bbb520177f139f4e5445093e5f .av-subheading{\nfont-size:15px;\n}\n<\/style>\n<div  class='av-special-heading av-yp90-9e9588bbb520177f139f4e5445093e5f av-special-heading-h3 blockquote modern-quote  avia-builder-el-6  el_before_av_hr  avia-builder-el-first  av-linked-heading'><h3 class='av-special-heading-tag '  itemprop=\"headline\"  >\u041a\u043e\u043d\u0442\u0430\u043a\u0442\u044b<\/h3><div class=\"special-heading-border\"><div class=\"special-heading-inner-border\"><\/div><\/div><\/div><br \/>\n\n<style type=\"text\/css\" data-created_by=\"avia_inline_auto\" id=\"style-css-av-q6fnp-b8336135aec40db0450f33dac32075d6\">\n#top .hr.av-q6fnp-b8336135aec40db0450f33dac32075d6{\nmargin-top:10px;\nmargin-bottom:10px;\n}\n.hr.av-q6fnp-b8336135aec40db0450f33dac32075d6 .hr-inner{\nwidth:50px;\nborder-color:#efbb20;\n}\n<\/style>\n<div  class='hr av-q6fnp-b8336135aec40db0450f33dac32075d6 hr-custom  avia-builder-el-7  el_after_av_heading  el_before_av_textblock  hr-left hr-icon-no'><span class='hr-inner inner-border-av-border-fat'><span class=\"hr-inner-style\"><\/span><\/span><\/div><br \/>\n<section  class='av_textblock_section av-j8gfh-150fc86a22c612e2ccaf0cebd0a6ab1a '   itemscope=\"itemscope\" itemtype=\"https:\/\/schema.org\/CreativeWork\" ><div class='avia_textblock'  itemprop=\"text\" ><p>\u0410\u041e &#171;\u0421\u041f\u0410\u0420\u0421 \u0410\u041f&#187;<br \/>\n\u041e\u0441\u0432\u043e\u0431\u043e\u0436\u0434\u0430\u044e\u0442\u0441\u044f. \u041d\u0435\u0442. LV40103624125<\/p>\n<\/div><\/section><br \/>\n\n<style type=\"text\/css\" data-created_by=\"avia_inline_auto\" id=\"style-css-av-g2jcl-aaa67e5181d6ada703368e89e66003a7\">\n#top .hr.av-g2jcl-aaa67e5181d6ada703368e89e66003a7{\nmargin-top:10px;\nmargin-bottom:10px;\n}\n.hr.av-g2jcl-aaa67e5181d6ada703368e89e66003a7 .hr-inner{\nwidth:50px;\nborder-color:#efbb20;\n}\n<\/style>\n<div  class='hr av-g2jcl-aaa67e5181d6ada703368e89e66003a7 hr-custom  avia-builder-el-9  el_after_av_textblock  el_before_av_textblock  hr-left hr-icon-no'><span class='hr-inner inner-border-av-border-fat'><span class=\"hr-inner-style\"><\/span><\/span><\/div><br \/>\n<section  class='av_textblock_section av-acrxx-3afc16a6af2f0cc62146fa2ce423028b '   itemscope=\"itemscope\" itemtype=\"https:\/\/schema.org\/CreativeWork\" ><div class='avia_textblock'  itemprop=\"text\" ><p><strong>\u0410\u0434\u0440\u0435\u0441<\/strong><br \/>\n&#171;\u041b\u0430\u0439\u043c\u0430<br \/>\n\u041c\u0443\u043d\u0438\u0446\u0438\u043f\u0430\u043b\u0438\u0442\u0435\u0442 \u041e\u043b\u0430\u0439\u043d\u0435, \u041b\u0430\u0442\u0432\u0438\u044f<\/p>\n<p><strong>\u0421\u0432\u044f\u0437\u0438<\/strong><br \/>\n<a href=\"mailto:info@modulu-majas.lv\">info@modulu-majas.lv<\/a><br \/>\n+371 29408664<\/p>\n<p><strong>\u0427\u0430\u0441\u044b \u0440\u0430\u0431\u043e\u0442\u044b:<\/strong><br \/>\nP-P: 8:00-19:00<br \/>\nS: 8:00-14:00<br \/>\n\u0421\u043e\u043b\u043d\u0446\u0435: \u0417\u0430\u043a\u0440\u044b\u0442\u043e<\/p>\n<\/div><\/section><\/p><\/div><\/p>\n","protected":false},"excerpt":{"rendered":"","protected":false},"author":1,"featured_media":0,"parent":0,"menu_order":0,"comment_status":"closed","ping_status":"closed","template":"","meta":{"footnotes":""},"class_list":["post-1018","page","type-page","status-publish","hentry"],"yoast_head":"<!-- This site is optimized with the Yoast SEO plugin v26.7 - https:\/\/yoast.com\/wordpress\/plugins\/seo\/ -->\n<title>\u041a\u043e\u043d\u0442\u0430\u043a\u0442\u044b - Modu\u013cu m\u0101jas \u2013 vasarn\u012bcas, vissezonas m\u0101jas, biroji, darbn\u012bcas<\/title>\n<meta name=\"robots\" content=\"index, follow, max-snippet:-1, max-image-preview:large, max-video-preview:-1\" \/>\n<link rel=\"canonical\" href=\"https:\/\/modulu-majas.lv\/ru\/kontakti\/\" \/>\n<meta property=\"og:locale\" content=\"ru_RU\" \/>\n<meta property=\"og:type\" content=\"article\" \/>\n<meta property=\"og:title\" content=\"\u041a\u043e\u043d\u0442\u0430\u043a\u0442\u044b - Modu\u013cu m\u0101jas \u2013 vasarn\u012bcas, vissezonas m\u0101jas, biroji, darbn\u012bcas\" \/>\n<meta property=\"og:url\" content=\"https:\/\/modulu-majas.lv\/ru\/kontakti\/\" \/>\n<meta property=\"og:site_name\" content=\"Modu\u013cu m\u0101jas \u2013 vasarn\u012bcas, vissezonas m\u0101jas, biroji, darbn\u012bcas\" \/>\n<meta property=\"article:publisher\" content=\"https:\/\/www.facebook.com\/SparsAP\/\" \/>\n<meta property=\"article:modified_time\" content=\"2020-02-27T08:17:56+00:00\" \/>\n<meta name=\"twitter:card\" content=\"summary_large_image\" \/>\n<meta name=\"twitter:label1\" content=\"\u041f\u0440\u0438\u043c\u0435\u0440\u043d\u043e\u0435 \u0432\u0440\u0435\u043c\u044f \u0434\u043b\u044f \u0447\u0442\u0435\u043d\u0438\u044f\" \/>\n\t<meta name=\"twitter:data1\" content=\"4 \u043c\u0438\u043d\u0443\u0442\u044b\" \/>\n<script type=\"application\/ld+json\" class=\"yoast-schema-graph\">{\"@context\":\"https:\/\/schema.org\",\"@graph\":[{\"@type\":\"WebPage\",\"@id\":\"https:\/\/modulu-majas.lv\/ru\/kontakti\/\",\"url\":\"https:\/\/modulu-majas.lv\/ru\/kontakti\/\",\"name\":\"\u041a\u043e\u043d\u0442\u0430\u043a\u0442\u044b - Modu\u013cu m\u0101jas \u2013 vasarn\u012bcas, vissezonas m\u0101jas, biroji, darbn\u012bcas\",\"isPartOf\":{\"@id\":\"https:\/\/modulu-majas.lv\/ru\/#website\"},\"datePublished\":\"2019-10-04T10:05:11+00:00\",\"dateModified\":\"2020-02-27T08:17:56+00:00\",\"breadcrumb\":{\"@id\":\"https:\/\/modulu-majas.lv\/ru\/kontakti\/#breadcrumb\"},\"inLanguage\":\"ru-RU\",\"potentialAction\":[{\"@type\":\"ReadAction\",\"target\":[\"https:\/\/modulu-majas.lv\/ru\/kontakti\/\"]}]},{\"@type\":\"BreadcrumbList\",\"@id\":\"https:\/\/modulu-majas.lv\/ru\/kontakti\/#breadcrumb\",\"itemListElement\":[{\"@type\":\"ListItem\",\"position\":1,\"name\":\"Home\",\"item\":\"https:\/\/modulu-majas.lv\/ru\/\"},{\"@type\":\"ListItem\",\"position\":2,\"name\":\"\u041a\u043e\u043d\u0442\u0430\u043a\u0442\u044b\"}]},{\"@type\":\"WebSite\",\"@id\":\"https:\/\/modulu-majas.lv\/ru\/#website\",\"url\":\"https:\/\/modulu-majas.lv\/ru\/\",\"name\":\"Modu\u013cu m\u0101jas \u2013 vasarn\u012bcas, vissezonas m\u0101jas, biroji, darbn\u012bcas\",\"description\":\"No paaudzes paaudz\u0113\",\"publisher\":{\"@id\":\"https:\/\/modulu-majas.lv\/ru\/#organization\"},\"potentialAction\":[{\"@type\":\"SearchAction\",\"target\":{\"@type\":\"EntryPoint\",\"urlTemplate\":\"https:\/\/modulu-majas.lv\/ru\/?s={search_term_string}\"},\"query-input\":{\"@type\":\"PropertyValueSpecification\",\"valueRequired\":true,\"valueName\":\"search_term_string\"}}],\"inLanguage\":\"ru-RU\"},{\"@type\":\"Organization\",\"@id\":\"https:\/\/modulu-majas.lv\/ru\/#organization\",\"name\":\"Modu\u013cu m\u0101jas\",\"url\":\"https:\/\/modulu-majas.lv\/ru\/\",\"logo\":{\"@type\":\"ImageObject\",\"inLanguage\":\"ru-RU\",\"@id\":\"https:\/\/modulu-majas.lv\/ru\/#\/schema\/logo\/image\/\",\"url\":\"https:\/\/modulu-majas.lv\/wp-content\/uploads\/2020\/02\/Spars_AP-logo_no-paaudzes-paaudze.png\",\"contentUrl\":\"https:\/\/modulu-majas.lv\/wp-content\/uploads\/2020\/02\/Spars_AP-logo_no-paaudzes-paaudze.png\",\"width\":674,\"height\":264,\"caption\":\"Modu\u013cu m\u0101jas\"},\"image\":{\"@id\":\"https:\/\/modulu-majas.lv\/ru\/#\/schema\/logo\/image\/\"},\"sameAs\":[\"https:\/\/www.facebook.com\/SparsAP\/\"]}]}<\/script>\n<!-- \/ Yoast SEO plugin. -->","yoast_head_json":{"title":"\u041a\u043e\u043d\u0442\u0430\u043a\u0442\u044b - Modu\u013cu m\u0101jas \u2013 vasarn\u012bcas, vissezonas m\u0101jas, biroji, darbn\u012bcas","robots":{"index":"index","follow":"follow","max-snippet":"max-snippet:-1","max-image-preview":"max-image-preview:large","max-video-preview":"max-video-preview:-1"},"canonical":"https:\/\/modulu-majas.lv\/ru\/kontakti\/","og_locale":"ru_RU","og_type":"article","og_title":"\u041a\u043e\u043d\u0442\u0430\u043a\u0442\u044b - Modu\u013cu m\u0101jas \u2013 vasarn\u012bcas, vissezonas m\u0101jas, biroji, darbn\u012bcas","og_url":"https:\/\/modulu-majas.lv\/ru\/kontakti\/","og_site_name":"Modu\u013cu m\u0101jas \u2013 vasarn\u012bcas, vissezonas m\u0101jas, biroji, darbn\u012bcas","article_publisher":"https:\/\/www.facebook.com\/SparsAP\/","article_modified_time":"2020-02-27T08:17:56+00:00","twitter_card":"summary_large_image","twitter_misc":{"\u041f\u0440\u0438\u043c\u0435\u0440\u043d\u043e\u0435 \u0432\u0440\u0435\u043c\u044f \u0434\u043b\u044f \u0447\u0442\u0435\u043d\u0438\u044f":"4 \u043c\u0438\u043d\u0443\u0442\u044b"},"schema":{"@context":"https:\/\/schema.org","@graph":[{"@type":"WebPage","@id":"https:\/\/modulu-majas.lv\/ru\/kontakti\/","url":"https:\/\/modulu-majas.lv\/ru\/kontakti\/","name":"\u041a\u043e\u043d\u0442\u0430\u043a\u0442\u044b - Modu\u013cu m\u0101jas \u2013 vasarn\u012bcas, vissezonas m\u0101jas, biroji, darbn\u012bcas","isPartOf":{"@id":"https:\/\/modulu-majas.lv\/ru\/#website"},"datePublished":"2019-10-04T10:05:11+00:00","dateModified":"2020-02-27T08:17:56+00:00","breadcrumb":{"@id":"https:\/\/modulu-majas.lv\/ru\/kontakti\/#breadcrumb"},"inLanguage":"ru-RU","potentialAction":[{"@type":"ReadAction","target":["https:\/\/modulu-majas.lv\/ru\/kontakti\/"]}]},{"@type":"BreadcrumbList","@id":"https:\/\/modulu-majas.lv\/ru\/kontakti\/#breadcrumb","itemListElement":[{"@type":"ListItem","position":1,"name":"Home","item":"https:\/\/modulu-majas.lv\/ru\/"},{"@type":"ListItem","position":2,"name":"\u041a\u043e\u043d\u0442\u0430\u043a\u0442\u044b"}]},{"@type":"WebSite","@id":"https:\/\/modulu-majas.lv\/ru\/#website","url":"https:\/\/modulu-majas.lv\/ru\/","name":"Modu\u013cu m\u0101jas \u2013 vasarn\u012bcas, vissezonas m\u0101jas, biroji, darbn\u012bcas","description":"No paaudzes paaudz\u0113","publisher":{"@id":"https:\/\/modulu-majas.lv\/ru\/#organization"},"potentialAction":[{"@type":"SearchAction","target":{"@type":"EntryPoint","urlTemplate":"https:\/\/modulu-majas.lv\/ru\/?s={search_term_string}"},"query-input":{"@type":"PropertyValueSpecification","valueRequired":true,"valueName":"search_term_string"}}],"inLanguage":"ru-RU"},{"@type":"Organization","@id":"https:\/\/modulu-majas.lv\/ru\/#organization","name":"Modu\u013cu m\u0101jas","url":"https:\/\/modulu-majas.lv\/ru\/","logo":{"@type":"ImageObject","inLanguage":"ru-RU","@id":"https:\/\/modulu-majas.lv\/ru\/#\/schema\/logo\/image\/","url":"https:\/\/modulu-majas.lv\/wp-content\/uploads\/2020\/02\/Spars_AP-logo_no-paaudzes-paaudze.png","contentUrl":"https:\/\/modulu-majas.lv\/wp-content\/uploads\/2020\/02\/Spars_AP-logo_no-paaudzes-paaudze.png","width":674,"height":264,"caption":"Modu\u013cu m\u0101jas"},"image":{"@id":"https:\/\/modulu-majas.lv\/ru\/#\/schema\/logo\/image\/"},"sameAs":["https:\/\/www.facebook.com\/SparsAP\/"]}]}},"_links":{"self":[{"href":"https:\/\/modulu-majas.lv\/ru\/wp-json\/wp\/v2\/pages\/1018","targetHints":{"allow":["GET"]}}],"collection":[{"href":"https:\/\/modulu-majas.lv\/ru\/wp-json\/wp\/v2\/pages"}],"about":[{"href":"https:\/\/modulu-majas.lv\/ru\/wp-json\/wp\/v2\/types\/page"}],"author":[{"embeddable":true,"href":"https:\/\/modulu-majas.lv\/ru\/wp-json\/wp\/v2\/users\/1"}],"replies":[{"embeddable":true,"href":"https:\/\/modulu-majas.lv\/ru\/wp-json\/wp\/v2\/comments?post=1018"}],"version-history":[{"count":5,"href":"https:\/\/modulu-majas.lv\/ru\/wp-json\/wp\/v2\/pages\/1018\/revisions"}],"predecessor-version":[{"id":1234,"href":"https:\/\/modulu-majas.lv\/ru\/wp-json\/wp\/v2\/pages\/1018\/revisions\/1234"}],"wp:attachment":[{"href":"https:\/\/modulu-majas.lv\/ru\/wp-json\/wp\/v2\/media?parent=1018"}],"curies":[{"name":"wp","href":"https:\/\/api.w.org\/{rel}","templated":true}]}}