{"id":1015,"date":"2020-02-10T14:08:03","date_gmt":"2020-02-10T12:08:03","guid":{"rendered":"https:\/\/majas.bumbierkoks.com\/%d0%ba%d0%b0%d0%bb%d1%8c%d0%ba%d1%83%d0%bb%d1%8f%d1%82%d0%be%d1%80-%d1%86%d0%b5%d0%bd\/"},"modified":"2020-02-10T14:08:03","modified_gmt":"2020-02-10T12:08:03","slug":"%d0%ba%d0%b0%d0%bb%d1%8c%d0%ba%d1%83%d0%bb%d1%8f%d1%82%d0%be%d1%80-%d1%86%d0%b5%d0%bd","status":"publish","type":"page","link":"https:\/\/modulu-majas.lv\/ru\/%d0%ba%d0%b0%d0%bb%d1%8c%d0%ba%d1%83%d0%bb%d1%8f%d1%82%d0%be%d1%80-%d1%86%d0%b5%d0%bd\/","title":{"rendered":"\u041a\u0430\u043b\u044c\u043a\u0443\u043b\u044f\u0442\u043e\u0440 \u0446\u0435\u043d"},"content":{"rendered":"\n<style type=\"text\/css\" data-created_by=\"avia_inline_auto\" id=\"style-css-av-28nsu-a0d84590f18a2a4cc7c1dfb10ff54675\">\n#top .av-special-heading.av-28nsu-a0d84590f18a2a4cc7c1dfb10ff54675{\npadding-bottom:10px;\n}\nbody .av-special-heading.av-28nsu-a0d84590f18a2a4cc7c1dfb10ff54675 .av-special-heading-tag .heading-char{\nfont-size:25px;\n}\n.av-special-heading.av-28nsu-a0d84590f18a2a4cc7c1dfb10ff54675 .av-subheading{\nfont-size:15px;\n}\n<\/style>\n<div  class='av-special-heading av-28nsu-a0d84590f18a2a4cc7c1dfb10ff54675 av-special-heading-h1 blockquote modern-quote  avia-builder-el-0  el_before_av_hr  avia-builder-el-first '><h1 class='av-special-heading-tag '  itemprop=\"headline\"  >\u0423\u0437\u043d\u0430\u0442\u044c \u0446\u0435\u043d\u0443<\/h1><div class=\"special-heading-border\"><div class=\"special-heading-inner-border\"><\/div><\/div><\/div>\n<div  class='hr av-k1j3n0uw-c500d61bc03f1c23f0a393726178b322 hr-big  avia-builder-el-1  el_after_av_heading  el_before_av_one_fifth '><span class='hr-inner '><span class=\"hr-inner-style\"><\/span><\/span><\/div>\n\n<style type=\"text\/css\" data-created_by=\"avia_inline_auto\" id=\"style-css-av-1nvt2-86eccb387dd10acd1eb97ea727e59948\">\n.flex_column.av-1nvt2-86eccb387dd10acd1eb97ea727e59948{\nborder-radius:0px 0px 0px 0px;\npadding:0px 0px 0px 0px;\n}\n<\/style>\n<div  class='flex_column av-1nvt2-86eccb387dd10acd1eb97ea727e59948 av_one_fifth  avia-builder-el-2  el_after_av_hr  el_before_av_three_fifth  first flex_column_div av-zero-column-padding  '     ><\/div>\n\n<style type=\"text\/css\" data-created_by=\"avia_inline_auto\" id=\"style-css-av-vd6q-51b2b9f4819ea51dbc8a7ff0a22f5ad5\">\n.flex_column.av-vd6q-51b2b9f4819ea51dbc8a7ff0a22f5ad5{\nborder-radius:0px 0px 0px 0px;\npadding:0px 0px 0px 0px;\n}\n<\/style>\n<div  class='flex_column av-vd6q-51b2b9f4819ea51dbc8a7ff0a22f5ad5 av_three_fifth  avia-builder-el-3  el_after_av_one_fifth  avia-builder-el-last  flex_column_div av-zero-column-padding  '     ><section  class='av_textblock_section av-k1j3kaix-559f790c2fb6482915c2c53034a18138 '   itemscope=\"itemscope\" itemtype=\"https:\/\/schema.org\/CreativeWork\" ><div class='avia_textblock'  itemprop=\"text\" ><div class=\"btQuoteBooking  btQuoteBookingWithColor c69e0ae3b87bb6\"  data-admin_email=\"info@modulu-majas.lv\" data-cf7_id=\"\" data-email_client=\"yes\" data-email_gdpr=\"\" data-email_gdpr_text=\"\" data-email_gdpr_not_text=\"\" data-currency=\"EUR\" data-currency_after=\"yes\" data-currency_space=\"yes\" data-url_confirmation=\"\" data-url_ajax=\"https:\/\/modulu-majas.lv\/wp-admin\/admin-ajax.php\" data-subject=\"\u0426\u0435\u043d\u0430 \u0438\u0437 \u043a\u0430\u043b\u044c\u043a\u0443\u043b\u044f\u0442\u043e\u0440\u0430\" data-email_header=\"\" data-email_footer=\"\" data-date_text=\"Preferred Service Date\" data-time_text=\"Preferred Service Time\" data-message_please_wait=\"Please wait...\" data-message_success=\"\u0421\u043f\u0430\u0441\u0438\u0431\u043e, \u043c\u044b \u0441\u0432\u044f\u0436\u0435\u043c\u0441\u044f \u0441 \u0432\u0430\u043c\u0438 \u0432 \u0431\u043b\u0438\u0436\u0430\u0439\u0448\u0435\u0435 \u0432\u0440\u0435\u043c\u044f!\" data-message_error=\"Error! Please try again later.\" data-message_mandatory=\"\u041f\u043e\u0436\u0430\u043b\u0443\u0439\u0441\u0442\u0430, \u0437\u0430\u043f\u043e\u043b\u043d\u0438\u0442\u0435 \u0432\u0441\u0435 \u043e\u0431\u044f\u0437\u0430\u0442\u0435\u043b\u044c\u043d\u044b\u0435 \u043f\u043e\u043b\u044f.\" data-rec_secret_key=\"\" data-total_text=\"\u0412\u0441\u0435\u0433\u043e \u0431\u0435\u0437 \u041d\u0414\u0421\" data-total_format=\"rounded\" data-total_decimals=\"2\" data-date_format=\"mm\/dd\/yy\" data-bt_cc_nonce=\"55ebfd3191\"><div class=\"btQuoteBookingWrap\"><div class=\"btQuoteBookingForm btActive\"><div class=\"btQuoteGBlock \" data-eval=\"dmFyIG1hamEgPSAkMTsKdmFyIGt2YWRyYXRtZXRyaSA9ICQyOwp2YXIgcGFtYXRpID0gJDM7CnZhciB0ZXJhc2VzZ3JpZGEgPSAkNDsKCnZhciByZXN1bHQgPSBrdmFkcmF0bWV0cmkgKiBtYWphICsgcGFtYXRpICogKGt2YWRyYXRtZXRyaSArIHRlcmFzZXNncmlkYSkgKyB0ZXJhc2VzZ3JpZGEgKiAxOTU7CgppZiAoKGt2YWRyYXRtZXRyaSA+PSAxMCkgJiYgKG1hamE9PTY3MCkpIHJlc3VsdCA9IGt2YWRyYXRtZXRyaSAqIDY4MCArIHBhbWF0aSAqIChrdmFkcmF0bWV0cmkgKyB0ZXJhc2VzZ3JpZGEpICsgdGVyYXNlc2dyaWRhICogMTk1OwppZiAoKGt2YWRyYXRtZXRyaSA+PSAxMCkgJiYgKG1hamE9PTcyMCkpIHJlc3VsdCA9IGt2YWRyYXRtZXRyaSAqIDczMCArIHBhbWF0aSAqIChrdmFkcmF0bWV0cmkgKyB0ZXJhc2VzZ3JpZGEpICsgdGVyYXNlc2dyaWRhICogMTk1OwppZiAoKGt2YWRyYXRtZXRyaSA+PSA2NSkgJiYgKGt2YWRyYXRtZXRyaSA8IDMwMCkpIHJlc3VsdCA9IGt2YWRyYXRtZXRyaSAqIG1hamEgKyBwYW1hdGkgKiAoa3ZhZHJhdG1ldHJpICsgdGVyYXNlc2dyaWRhKSArIHRlcmFzZXNncmlkYSAqIDE5NTsKCgpyZXR1cm4gcmVzdWx0Ow==\" data-paypal_label=\"\" id=\"btQuoteItem69e0ae3b87d9a\" ><div class=\"btQuoteItem \" id=\"btQuoteItem69e0ae3b87fc2\" ><label>\u041a\u043e\u0442\u0442\u0435\u0434\u0436 \u0438\u043b\u0438 \u0432\u0441\u0435\u0441\u0435\u0437\u043e\u043d\u043d\u044b\u0439 \u0434\u043e\u043c<\/label>\n\t\t<div class=\"btQuoteItemInput\"><div id=\"69e0ae3b8864cW659\" class=\"btQuoteSelect btContactField btDropDown btQuoteElement\" data-condition=\"\" data-initial-value=\"0\"><\/div><\/div><\/div><div class=\"btQuoteItem \" id=\"btQuoteItem69e0ae3b88867\" ><label>\u041a\u0432\u0430\u0434\u0440\u0430\u0442\u043d\u044b\u0445 \u043c\u0435\u0442\u0440\u043e\u0432<\/label>\n\t\t<div class=\"btQuoteItemInput\"><div class=\"btQuoteSlider btQuoteElement\" data-value=\"30\"  data-initial-value=\"30\" data-min=\"10\" data-max=\"300\" data-step=\"5\" data-price=\"1\" data-offset=\"0\" data-condition=\"\"><\/div><span class=\"btQuoteSliderValue\">30<\/span><\/div><\/div><div class=\"btQuoteItem \" id=\"btQuoteItem69e0ae3b889fd\" ><label>\u0424\u0443\u043d\u0434\u0430\u043c\u0435\u043d\u0442<\/label>\n\t\t<div class=\"btQuoteItemInput\"><div class=\"btQuoteSwitch btQuoteElement\" data-off=\"0\" data-on=\"40\" data-condition=\"\" data-initial-value=\"0\"><div class=\"btQuoteSwitchInner\"><\/div><\/div><div class=\"btQuoteItemDescription\">\u0418\u043b\u0438 \u0441 \u043d\u0430\u0448\u0438\u043c\u0438 \u043a\u043e\u043b\u043e\u043d\u043d\u044b\u043c \u0444\u0443\u043d\u0434\u0430\u043c\u0435\u043d\u0442\u043e\u043c<\/div><\/div><\/div><div class=\"btQuoteItem \" id=\"btQuoteItem69e0ae3b88ba2\" ><label>\u0422\u0435\u0440\u0440\u0430\u0441\u043d\u044b\u0439 \u043f\u043e\u043b<\/label>\n\t\t<div class=\"btQuoteItemInput\"><div class=\"btQuoteSlider btQuoteElement\" data-value=\"0\"  data-initial-value=\"0\" data-min=\"0\" data-max=\"90\" data-step=\"5\" data-price=\"1\" data-offset=\"0\" data-condition=\"\"><\/div><span class=\"btQuoteSliderValue\">0<\/span><\/div><\/div><\/div><div class=\"btQuoteItem \" id=\"btQuoteItem69e0ae3b88dbc\" ><label>\u0422\u0435\u0440\u0440\u0430\u0441\u043d\u0430\u044f \u043a\u0440\u044b\u0448\u0430<\/label>\n\t\t<div class=\"btQuoteItemInput\"><div class=\"btQuoteSlider btQuoteElement\" data-value=\"0\"  data-initial-value=\"0\" data-min=\"0\" data-max=\"90\" data-step=\"5\" data-price=\"190\" data-offset=\"0\" data-condition=\"\"><\/div><span class=\"btQuoteSliderValue\">0<\/span><\/div><\/div>\u0426\u0435\u043d\u0430 \u0442\u043e\u043b\u044c\u043a\u043e \u0434\u043b\u044f \u0438\u043d\u0444\u043e\u0440\u043c\u0430\u0446\u0438\u0438. \u0427\u0442\u043e\u0431\u044b \u0443\u043a\u0430\u0437\u0430\u0442\u044c \u0446\u0435\u043d\u0443, \u043e\u0442\u043f\u0440\u0430\u0432\u044c\u0442\u0435 \u0436\u0435\u043b\u0430\u0435\u043c\u0443\u044e \u043a\u043e\u043d\u0444\u0438\u0433\u0443\u0440\u0430\u0446\u0438\u044e, \u043d\u0430\u0436\u0430\u0432 \u043a\u043d\u043e\u043f\u043a\u0443 \u0421\u041b\u0415\u0414\u0423\u042e\u0429\u0410\u042f, \u0438 \u043c\u044b \u0441\u0432\u044f\u0436\u0435\u043c\u0441\u044f \u0441 \u0432\u0430\u043c\u0438, \u0447\u0442\u043e\u0431\u044b \u0443\u0442\u043e\u0447\u043d\u0438\u0442\u044c \u043f\u0440\u0435\u0434\u043b\u043e\u0436\u0435\u043d\u0438\u0435.\n\u0422\u0440\u0430\u043d\u0441\u043f\u043e\u0440\u0442\u043d\u044b\u0435 \u0440\u0430\u0441\u0445\u043e\u0434\u044b \u0440\u0430\u0441\u0441\u0447\u0438\u0442\u044b\u0432\u0430\u044e\u0442\u0441\u044f \u0432 \u0438\u043d\u0434\u0438\u0432\u0438\u0434\u0443\u0430\u043b\u044c\u043d\u043e\u043c \u043f\u043e\u0440\u044f\u0434\u043a\u0435.<div class=\"btTotalNextWrapper\"><div class=\"btQuoteTotal currencyAfter\"><span class=\"btQuoteTotalText\">\u0412\u0441\u0435\u0433\u043e \u0431\u0435\u0437 \u041d\u0414\u0421<\/span><span class=\"btQuoteTotalCalc\"><\/span><span class=\"btQuoteTotalCurrency\">&nbsp;EUR<\/span><\/div><div class=\"boldBtn btnAccent btnSmall btnIco\"><button type=\"submit\" class=\"btContactNext\">\u0414\u0430\u043b\u0435\u0435<\/button><\/div><\/div><\/div><div class=\"btTotalQuoteContactGroup\"><div class=\"btQuoteContact\"><form action=\"#\"><div class=\"btQuoteItem btContactFieldMandatory\"><input type=\"text\" class=\"btContactName btContactField\" placeholder=\"\u0418\u043c\u044f\" autocomplete=\"name\"><\/div><div class=\"btQuoteItem btContactFieldMandatory\"><input type=\"text\" class=\"btContactEmail btContactField\" placeholder=\"\u042d\u043b. \u043f\u043e\u0447\u0442\u0430\" autocomplete=\"email\"><\/div><div class=\"btQuoteItem\"><input type=\"text\" class=\"btContactPhone btContactField\" placeholder=\"\u0422\u0435\u043b\u0435\u0444\u043e\u043d\" autocomplete=\"tel\"><\/div><div class=\"btQuoteItem\"><input type=\"text\" class=\"btContactAddress btContactField\" placeholder=\"\u0410\u0434\u0440\u0435\u0441\"><\/div><div class=\"btQuoteItem btQuoteItemFullWidth\"><textarea class=\"btContactMessage btContactField\" placeholder=\"\u0421\u043e\u043e\u0431\u0449\u0435\u043d\u0438\u0435\"><\/textarea><\/div><div class=\"bt_cc_email_confirmation_container\"><input id=\"69e0ae3b88f60\" class=\"bt_cc_email_confirmation\" type=\"checkbox\" value=\"yes\"><label for=\"69e0ae3b88f60\">\u0422\u0430\u043a\u0436\u0435 \u043f\u0440\u0438\u0448\u043b\u0438\u0442\u0435 \u043c\u043d\u0435 \u043f\u0438\u0441\u044c\u043c\u043e!<\/label><\/div><div class=\"boldBtn btnAccent btnSmall btnIco\"><button type=\"submit\" class=\"btContactSubmit\">\u041e\u0442\u043f\u0440\u0430\u0432\u0438\u0442\u044c<\/button><\/div><div class=\"btSubmitMessage\"><\/div><\/form><\/div><!-- btQuoteContact --><\/div><\/div><\/div>\n<\/div><\/section><\/div>\n","protected":false},"excerpt":{"rendered":"","protected":false},"author":1,"featured_media":0,"parent":0,"menu_order":0,"comment_status":"closed","ping_status":"closed","template":"","meta":{"footnotes":""},"class_list":["post-1015","page","type-page","status-publish","hentry"],"yoast_head":"<!-- This site is optimized with the Yoast SEO plugin v26.7 - https:\/\/yoast.com\/wordpress\/plugins\/seo\/ -->\n<title>\u041a\u0430\u043b\u044c\u043a\u0443\u043b\u044f\u0442\u043e\u0440 \u0446\u0435\u043d - Modu\u013cu m\u0101jas \u2013 vasarn\u012bcas, vissezonas m\u0101jas, biroji, darbn\u012bcas<\/title>\n<meta name=\"robots\" content=\"index, follow, max-snippet:-1, max-image-preview:large, max-video-preview:-1\" \/>\n<link rel=\"canonical\" href=\"https:\/\/modulu-majas.lv\/ru\/%d0%ba%d0%b0%d0%bb%d1%8c%d0%ba%d1%83%d0%bb%d1%8f%d1%82%d0%be%d1%80-%d1%86%d0%b5%d0%bd\/\" \/>\n<meta property=\"og:locale\" content=\"ru_RU\" \/>\n<meta property=\"og:type\" content=\"article\" \/>\n<meta property=\"og:title\" content=\"\u041a\u0430\u043b\u044c\u043a\u0443\u043b\u044f\u0442\u043e\u0440 \u0446\u0435\u043d - Modu\u013cu m\u0101jas \u2013 vasarn\u012bcas, vissezonas m\u0101jas, biroji, darbn\u012bcas\" \/>\n<meta property=\"og:url\" content=\"https:\/\/modulu-majas.lv\/ru\/%d0%ba%d0%b0%d0%bb%d1%8c%d0%ba%d1%83%d0%bb%d1%8f%d1%82%d0%be%d1%80-%d1%86%d0%b5%d0%bd\/\" \/>\n<meta property=\"og:site_name\" content=\"Modu\u013cu m\u0101jas \u2013 vasarn\u012bcas, vissezonas m\u0101jas, biroji, darbn\u012bcas\" \/>\n<meta property=\"article:publisher\" content=\"https:\/\/www.facebook.com\/SparsAP\/\" \/>\n<meta name=\"twitter:card\" content=\"summary_large_image\" \/>\n<meta name=\"twitter:label1\" content=\"\u041f\u0440\u0438\u043c\u0435\u0440\u043d\u043e\u0435 \u0432\u0440\u0435\u043c\u044f \u0434\u043b\u044f \u0447\u0442\u0435\u043d\u0438\u044f\" \/>\n\t<meta name=\"twitter:data1\" content=\"2 \u043c\u0438\u043d\u0443\u0442\u044b\" \/>\n<script type=\"application\/ld+json\" class=\"yoast-schema-graph\">{\"@context\":\"https:\/\/schema.org\",\"@graph\":[{\"@type\":\"WebPage\",\"@id\":\"https:\/\/modulu-majas.lv\/ru\/%d0%ba%d0%b0%d0%bb%d1%8c%d0%ba%d1%83%d0%bb%d1%8f%d1%82%d0%be%d1%80-%d1%86%d0%b5%d0%bd\/\",\"url\":\"https:\/\/modulu-majas.lv\/ru\/%d0%ba%d0%b0%d0%bb%d1%8c%d0%ba%d1%83%d0%bb%d1%8f%d1%82%d0%be%d1%80-%d1%86%d0%b5%d0%bd\/\",\"name\":\"\u041a\u0430\u043b\u044c\u043a\u0443\u043b\u044f\u0442\u043e\u0440 \u0446\u0435\u043d - Modu\u013cu m\u0101jas \u2013 vasarn\u012bcas, vissezonas m\u0101jas, biroji, darbn\u012bcas\",\"isPartOf\":{\"@id\":\"https:\/\/modulu-majas.lv\/ru\/#website\"},\"datePublished\":\"2020-02-10T12:08:03+00:00\",\"breadcrumb\":{\"@id\":\"https:\/\/modulu-majas.lv\/ru\/%d0%ba%d0%b0%d0%bb%d1%8c%d0%ba%d1%83%d0%bb%d1%8f%d1%82%d0%be%d1%80-%d1%86%d0%b5%d0%bd\/#breadcrumb\"},\"inLanguage\":\"ru-RU\",\"potentialAction\":[{\"@type\":\"ReadAction\",\"target\":[\"https:\/\/modulu-majas.lv\/ru\/%d0%ba%d0%b0%d0%bb%d1%8c%d0%ba%d1%83%d0%bb%d1%8f%d1%82%d0%be%d1%80-%d1%86%d0%b5%d0%bd\/\"]}]},{\"@type\":\"BreadcrumbList\",\"@id\":\"https:\/\/modulu-majas.lv\/ru\/%d0%ba%d0%b0%d0%bb%d1%8c%d0%ba%d1%83%d0%bb%d1%8f%d1%82%d0%be%d1%80-%d1%86%d0%b5%d0%bd\/#breadcrumb\",\"itemListElement\":[{\"@type\":\"ListItem\",\"position\":1,\"name\":\"Home\",\"item\":\"https:\/\/modulu-majas.lv\/ru\/\"},{\"@type\":\"ListItem\",\"position\":2,\"name\":\"\u041a\u0430\u043b\u044c\u043a\u0443\u043b\u044f\u0442\u043e\u0440 \u0446\u0435\u043d\"}]},{\"@type\":\"WebSite\",\"@id\":\"https:\/\/modulu-majas.lv\/ru\/#website\",\"url\":\"https:\/\/modulu-majas.lv\/ru\/\",\"name\":\"Modu\u013cu m\u0101jas \u2013 vasarn\u012bcas, vissezonas m\u0101jas, biroji, darbn\u012bcas\",\"description\":\"No paaudzes paaudz\u0113\",\"publisher\":{\"@id\":\"https:\/\/modulu-majas.lv\/ru\/#organization\"},\"potentialAction\":[{\"@type\":\"SearchAction\",\"target\":{\"@type\":\"EntryPoint\",\"urlTemplate\":\"https:\/\/modulu-majas.lv\/ru\/?s={search_term_string}\"},\"query-input\":{\"@type\":\"PropertyValueSpecification\",\"valueRequired\":true,\"valueName\":\"search_term_string\"}}],\"inLanguage\":\"ru-RU\"},{\"@type\":\"Organization\",\"@id\":\"https:\/\/modulu-majas.lv\/ru\/#organization\",\"name\":\"Modu\u013cu m\u0101jas\",\"url\":\"https:\/\/modulu-majas.lv\/ru\/\",\"logo\":{\"@type\":\"ImageObject\",\"inLanguage\":\"ru-RU\",\"@id\":\"https:\/\/modulu-majas.lv\/ru\/#\/schema\/logo\/image\/\",\"url\":\"https:\/\/modulu-majas.lv\/wp-content\/uploads\/2020\/02\/Spars_AP-logo_no-paaudzes-paaudze.png\",\"contentUrl\":\"https:\/\/modulu-majas.lv\/wp-content\/uploads\/2020\/02\/Spars_AP-logo_no-paaudzes-paaudze.png\",\"width\":674,\"height\":264,\"caption\":\"Modu\u013cu m\u0101jas\"},\"image\":{\"@id\":\"https:\/\/modulu-majas.lv\/ru\/#\/schema\/logo\/image\/\"},\"sameAs\":[\"https:\/\/www.facebook.com\/SparsAP\/\"]}]}<\/script>\n<!-- \/ Yoast SEO plugin. -->","yoast_head_json":{"title":"\u041a\u0430\u043b\u044c\u043a\u0443\u043b\u044f\u0442\u043e\u0440 \u0446\u0435\u043d - Modu\u013cu m\u0101jas \u2013 vasarn\u012bcas, vissezonas m\u0101jas, biroji, darbn\u012bcas","robots":{"index":"index","follow":"follow","max-snippet":"max-snippet:-1","max-image-preview":"max-image-preview:large","max-video-preview":"max-video-preview:-1"},"canonical":"https:\/\/modulu-majas.lv\/ru\/%d0%ba%d0%b0%d0%bb%d1%8c%d0%ba%d1%83%d0%bb%d1%8f%d1%82%d0%be%d1%80-%d1%86%d0%b5%d0%bd\/","og_locale":"ru_RU","og_type":"article","og_title":"\u041a\u0430\u043b\u044c\u043a\u0443\u043b\u044f\u0442\u043e\u0440 \u0446\u0435\u043d - Modu\u013cu m\u0101jas \u2013 vasarn\u012bcas, vissezonas m\u0101jas, biroji, darbn\u012bcas","og_url":"https:\/\/modulu-majas.lv\/ru\/%d0%ba%d0%b0%d0%bb%d1%8c%d0%ba%d1%83%d0%bb%d1%8f%d1%82%d0%be%d1%80-%d1%86%d0%b5%d0%bd\/","og_site_name":"Modu\u013cu m\u0101jas \u2013 vasarn\u012bcas, vissezonas m\u0101jas, biroji, darbn\u012bcas","article_publisher":"https:\/\/www.facebook.com\/SparsAP\/","twitter_card":"summary_large_image","twitter_misc":{"\u041f\u0440\u0438\u043c\u0435\u0440\u043d\u043e\u0435 \u0432\u0440\u0435\u043c\u044f \u0434\u043b\u044f \u0447\u0442\u0435\u043d\u0438\u044f":"2 \u043c\u0438\u043d\u0443\u0442\u044b"},"schema":{"@context":"https:\/\/schema.org","@graph":[{"@type":"WebPage","@id":"https:\/\/modulu-majas.lv\/ru\/%d0%ba%d0%b0%d0%bb%d1%8c%d0%ba%d1%83%d0%bb%d1%8f%d1%82%d0%be%d1%80-%d1%86%d0%b5%d0%bd\/","url":"https:\/\/modulu-majas.lv\/ru\/%d0%ba%d0%b0%d0%bb%d1%8c%d0%ba%d1%83%d0%bb%d1%8f%d1%82%d0%be%d1%80-%d1%86%d0%b5%d0%bd\/","name":"\u041a\u0430\u043b\u044c\u043a\u0443\u043b\u044f\u0442\u043e\u0440 \u0446\u0435\u043d - Modu\u013cu m\u0101jas \u2013 vasarn\u012bcas, vissezonas m\u0101jas, biroji, darbn\u012bcas","isPartOf":{"@id":"https:\/\/modulu-majas.lv\/ru\/#website"},"datePublished":"2020-02-10T12:08:03+00:00","breadcrumb":{"@id":"https:\/\/modulu-majas.lv\/ru\/%d0%ba%d0%b0%d0%bb%d1%8c%d0%ba%d1%83%d0%bb%d1%8f%d1%82%d0%be%d1%80-%d1%86%d0%b5%d0%bd\/#breadcrumb"},"inLanguage":"ru-RU","potentialAction":[{"@type":"ReadAction","target":["https:\/\/modulu-majas.lv\/ru\/%d0%ba%d0%b0%d0%bb%d1%8c%d0%ba%d1%83%d0%bb%d1%8f%d1%82%d0%be%d1%80-%d1%86%d0%b5%d0%bd\/"]}]},{"@type":"BreadcrumbList","@id":"https:\/\/modulu-majas.lv\/ru\/%d0%ba%d0%b0%d0%bb%d1%8c%d0%ba%d1%83%d0%bb%d1%8f%d1%82%d0%be%d1%80-%d1%86%d0%b5%d0%bd\/#breadcrumb","itemListElement":[{"@type":"ListItem","position":1,"name":"Home","item":"https:\/\/modulu-majas.lv\/ru\/"},{"@type":"ListItem","position":2,"name":"\u041a\u0430\u043b\u044c\u043a\u0443\u043b\u044f\u0442\u043e\u0440 \u0446\u0435\u043d"}]},{"@type":"WebSite","@id":"https:\/\/modulu-majas.lv\/ru\/#website","url":"https:\/\/modulu-majas.lv\/ru\/","name":"Modu\u013cu m\u0101jas \u2013 vasarn\u012bcas, vissezonas m\u0101jas, biroji, darbn\u012bcas","description":"No paaudzes paaudz\u0113","publisher":{"@id":"https:\/\/modulu-majas.lv\/ru\/#organization"},"potentialAction":[{"@type":"SearchAction","target":{"@type":"EntryPoint","urlTemplate":"https:\/\/modulu-majas.lv\/ru\/?s={search_term_string}"},"query-input":{"@type":"PropertyValueSpecification","valueRequired":true,"valueName":"search_term_string"}}],"inLanguage":"ru-RU"},{"@type":"Organization","@id":"https:\/\/modulu-majas.lv\/ru\/#organization","name":"Modu\u013cu m\u0101jas","url":"https:\/\/modulu-majas.lv\/ru\/","logo":{"@type":"ImageObject","inLanguage":"ru-RU","@id":"https:\/\/modulu-majas.lv\/ru\/#\/schema\/logo\/image\/","url":"https:\/\/modulu-majas.lv\/wp-content\/uploads\/2020\/02\/Spars_AP-logo_no-paaudzes-paaudze.png","contentUrl":"https:\/\/modulu-majas.lv\/wp-content\/uploads\/2020\/02\/Spars_AP-logo_no-paaudzes-paaudze.png","width":674,"height":264,"caption":"Modu\u013cu m\u0101jas"},"image":{"@id":"https:\/\/modulu-majas.lv\/ru\/#\/schema\/logo\/image\/"},"sameAs":["https:\/\/www.facebook.com\/SparsAP\/"]}]}},"_links":{"self":[{"href":"https:\/\/modulu-majas.lv\/ru\/wp-json\/wp\/v2\/pages\/1015","targetHints":{"allow":["GET"]}}],"collection":[{"href":"https:\/\/modulu-majas.lv\/ru\/wp-json\/wp\/v2\/pages"}],"about":[{"href":"https:\/\/modulu-majas.lv\/ru\/wp-json\/wp\/v2\/types\/page"}],"author":[{"embeddable":true,"href":"https:\/\/modulu-majas.lv\/ru\/wp-json\/wp\/v2\/users\/1"}],"replies":[{"embeddable":true,"href":"https:\/\/modulu-majas.lv\/ru\/wp-json\/wp\/v2\/comments?post=1015"}],"version-history":[{"count":1,"href":"https:\/\/modulu-majas.lv\/ru\/wp-json\/wp\/v2\/pages\/1015\/revisions"}],"predecessor-version":[{"id":1016,"href":"https:\/\/modulu-majas.lv\/ru\/wp-json\/wp\/v2\/pages\/1015\/revisions\/1016"}],"wp:attachment":[{"href":"https:\/\/modulu-majas.lv\/ru\/wp-json\/wp\/v2\/media?parent=1015"}],"curies":[{"name":"wp","href":"https:\/\/api.w.org\/{rel}","templated":true}]}}