{"id":2679,"date":"2021-08-06T23:20:50","date_gmt":"2021-08-06T20:20:50","guid":{"rendered":"https:\/\/modulu-majas.lv\/finishing-options\/"},"modified":"2022-04-05T16:35:16","modified_gmt":"2022-04-05T13:35:16","slug":"finishing-options","status":"publish","type":"page","link":"https:\/\/modulu-majas.lv\/en\/finishing-options\/","title":{"rendered":"Finishing options"},"content":{"rendered":"\n<style type=\"text\/css\" data-created_by=\"avia_inline_auto\" id=\"style-css-av-kp6nqoro-412c527c2f740138e57064473b783050\">\n#top .av-special-heading.av-kp6nqoro-412c527c2f740138e57064473b783050{\npadding-bottom:10px;\n}\nbody .av-special-heading.av-kp6nqoro-412c527c2f740138e57064473b783050 .av-special-heading-tag .heading-char{\nfont-size:25px;\n}\n.av-special-heading.av-kp6nqoro-412c527c2f740138e57064473b783050 .av-subheading{\nfont-size:15px;\n}\n<\/style>\n<div  class='av-special-heading av-kp6nqoro-412c527c2f740138e57064473b783050 av-special-heading-h1  avia-builder-el-0  el_before_av_section  avia-builder-el-no-sibling '><h1 class='av-special-heading-tag '  itemprop=\"headline\"  >Finishing options<\/h1><div class=\"special-heading-border\"><div class=\"special-heading-inner-border\"><\/div><\/div><\/div>\n<\/div><\/div><\/div><!-- close content main div --><\/div><\/div><div id='av_section_1'  class='avia-section av-kp6nrfit-1ed95efd14c1397f7e1cd0d2a61745fc main_color avia-section-default avia-no-shadow  avia-builder-el-1  el_after_av_heading  el_before_av_section  avia-bg-style-scroll container_wrap sidebar_right'  ><div class='container av-section-cont-open' ><div class='template-page content  av-content-small alpha units'><div class='post-entry post-entry-type-page post-entry-2679'><div class='entry-content-wrapper clearfix'>\n\n<style type=\"text\/css\" data-created_by=\"avia_inline_auto\" id=\"style-css-av-cijm8k-3ccb41c713f1d8d95acfc6117dd33d7b\">\n.flex_column.av-cijm8k-3ccb41c713f1d8d95acfc6117dd33d7b{\nborder-radius:0px 0px 0px 0px;\npadding:0px 0px 0px 0px;\n}\n<\/style>\n<div  class='flex_column av-cijm8k-3ccb41c713f1d8d95acfc6117dd33d7b av_one_half  avia-builder-el-2  el_before_av_one_half  avia-builder-el-first  first flex_column_div av-zero-column-padding  '     ><style type=\"text\/css\" data-created_by=\"avia_inline_auto\" id=\"style-css-av-kpcgzjy2-7dc7975448cff60e12bc84f9a8e8b24a\">\n#top .avia-gallery.av-kpcgzjy2-7dc7975448cff60e12bc84f9a8e8b24a .avia-gallery-thumb a{\nwidth:33.3333%;\n}\n<\/style>\n<div  class='avia-gallery av-kpcgzjy2-7dc7975448cff60e12bc84f9a8e8b24a avia_animate_when_visible  avia-builder-el-3  avia-builder-el-no-sibling  avia_lazyload avia-gallery-animate avia-gallery-1'  itemprop=\"image\" itemscope=\"itemscope\" itemtype=\"https:\/\/schema.org\/ImageObject\" ><meta itemprop=\"contentURL\" content=\"https:\/\/modulu-majas.lv\/en\/finishing-options\/\"><div class='avia-gallery-thumb'><a href=\"https:\/\/modulu-majas.lv\/wp-content\/uploads\/2021\/04\/IMG_4255-HDR-1-1030x687.jpg\" data-srcset=\"https:\/\/modulu-majas.lv\/wp-content\/uploads\/2021\/04\/IMG_4255-HDR-1-1030x687.jpg 1030w, https:\/\/modulu-majas.lv\/wp-content\/uploads\/2021\/04\/IMG_4255-HDR-1-300x200.jpg 300w, https:\/\/modulu-majas.lv\/wp-content\/uploads\/2021\/04\/IMG_4255-HDR-1-768x512.jpg 768w, https:\/\/modulu-majas.lv\/wp-content\/uploads\/2021\/04\/IMG_4255-HDR-1-1536x1024.jpg 1536w, https:\/\/modulu-majas.lv\/wp-content\/uploads\/2021\/04\/IMG_4255-HDR-1-2048x1366.jpg 2048w, https:\/\/modulu-majas.lv\/wp-content\/uploads\/2021\/04\/IMG_4255-HDR-1-1500x1000.jpg 1500w, https:\/\/modulu-majas.lv\/wp-content\/uploads\/2021\/04\/IMG_4255-HDR-1-705x470.jpg 705w\" data-sizes=\"(max-width: 1030px) 100vw, 1030px\" data-rel='gallery-1' data-prev-img='https:\/\/modulu-majas.lv\/wp-content\/uploads\/2021\/04\/IMG_4255-HDR-1-495x400.jpg' class='first_thumb lightbox ' data-onclick='1' title='IMG_4255-HDR-1'  itemprop=\"thumbnailUrl\"  ><img decoding=\"async\" fetchpriority=\"high\" class=\"wp-image-2288 avia-img-lazy-loading-not-2288\"   src=\"https:\/\/modulu-majas.lv\/wp-content\/uploads\/2021\/04\/IMG_4255-HDR-1-495x400.jpg\" width=\"495\" height=\"400\"  title='IMG_4255-HDR-1' alt='' srcset=\"https:\/\/modulu-majas.lv\/wp-content\/uploads\/2021\/04\/IMG_4255-HDR-1-495x400.jpg 495w, https:\/\/modulu-majas.lv\/wp-content\/uploads\/2021\/04\/IMG_4255-HDR-1-845x684.jpg 845w\" sizes=\"(max-width: 495px) 100vw, 495px\" \/><div class='big-prev-fake'><img decoding=\"async\" loading=\"lazy\" class=\"wp-image-2288 avia-img-lazy-loading-2288\"  width=\"495\" height=\"400\" src=\"https:\/\/modulu-majas.lv\/wp-content\/uploads\/2021\/04\/IMG_4255-HDR-1-495x400.jpg\" title='IMG_4255-HDR-1' alt='' srcset=\"https:\/\/modulu-majas.lv\/wp-content\/uploads\/2021\/04\/IMG_4255-HDR-1-495x400.jpg 495w, https:\/\/modulu-majas.lv\/wp-content\/uploads\/2021\/04\/IMG_4255-HDR-1-845x684.jpg 845w\" sizes=\"auto, (max-width: 495px) 100vw, 495px\" \/><\/div><\/a><a href=\"https:\/\/modulu-majas.lv\/wp-content\/uploads\/2021\/01\/13-875x1030.jpg\" data-srcset=\"https:\/\/modulu-majas.lv\/wp-content\/uploads\/2021\/01\/13-875x1030.jpg 875w, https:\/\/modulu-majas.lv\/wp-content\/uploads\/2021\/01\/13-255x300.jpg 255w, https:\/\/modulu-majas.lv\/wp-content\/uploads\/2021\/01\/13-768x904.jpg 768w, https:\/\/modulu-majas.lv\/wp-content\/uploads\/2021\/01\/13-599x705.jpg 599w, https:\/\/modulu-majas.lv\/wp-content\/uploads\/2021\/01\/13.jpg 1086w\" data-sizes=\"(max-width: 875px) 100vw, 875px\" data-rel='gallery-1' data-prev-img='https:\/\/modulu-majas.lv\/wp-content\/uploads\/2021\/01\/13-495x400.jpg' class='lightbox ' data-onclick='2' title='13'  itemprop=\"thumbnailUrl\"  ><img decoding=\"async\" fetchpriority=\"high\" class=\"wp-image-2207 avia-img-lazy-loading-not-2207\"   src=\"https:\/\/modulu-majas.lv\/wp-content\/uploads\/2021\/01\/13-495x400.jpg\" width=\"495\" height=\"400\"  title='13' alt='' srcset=\"https:\/\/modulu-majas.lv\/wp-content\/uploads\/2021\/01\/13-495x400.jpg 495w, https:\/\/modulu-majas.lv\/wp-content\/uploads\/2021\/01\/13-845x684.jpg 845w\" sizes=\"(max-width: 495px) 100vw, 495px\" \/><div class='big-prev-fake'><img decoding=\"async\" loading=\"lazy\" class=\"wp-image-2207 avia-img-lazy-loading-2207\"  width=\"495\" height=\"400\" src=\"https:\/\/modulu-majas.lv\/wp-content\/uploads\/2021\/01\/13-495x400.jpg\" title='13' alt='' srcset=\"https:\/\/modulu-majas.lv\/wp-content\/uploads\/2021\/01\/13-495x400.jpg 495w, https:\/\/modulu-majas.lv\/wp-content\/uploads\/2021\/01\/13-845x684.jpg 845w\" sizes=\"auto, (max-width: 495px) 100vw, 495px\" \/><\/div><\/a><a href=\"https:\/\/modulu-majas.lv\/wp-content\/uploads\/2020\/11\/1st-3-1030x772.jpg\" data-srcset=\"https:\/\/modulu-majas.lv\/wp-content\/uploads\/2020\/11\/1st-3-1030x772.jpg 1030w, https:\/\/modulu-majas.lv\/wp-content\/uploads\/2020\/11\/1st-3-300x225.jpg 300w, https:\/\/modulu-majas.lv\/wp-content\/uploads\/2020\/11\/1st-3-768x576.jpg 768w, https:\/\/modulu-majas.lv\/wp-content\/uploads\/2020\/11\/1st-3-1500x1125.jpg 1500w, https:\/\/modulu-majas.lv\/wp-content\/uploads\/2020\/11\/1st-3-705x529.jpg 705w, https:\/\/modulu-majas.lv\/wp-content\/uploads\/2020\/11\/1st-3.jpg 1535w\" data-sizes=\"(max-width: 1030px) 100vw, 1030px\" data-rel='gallery-1' data-prev-img='https:\/\/modulu-majas.lv\/wp-content\/uploads\/2020\/11\/1st-3-495x400.jpg' class='lightbox ' data-onclick='3' title='1st-3 ( , A SCORE INN )'  itemprop=\"thumbnailUrl\"  ><img decoding=\"async\" fetchpriority=\"high\" class=\"wp-image-2125 avia-img-lazy-loading-not-2125\"   src=\"https:\/\/modulu-majas.lv\/wp-content\/uploads\/2020\/11\/1st-3-495x400.jpg\" width=\"495\" height=\"400\"  title='1st-3 ( , A SCORE INN )' alt='' srcset=\"https:\/\/modulu-majas.lv\/wp-content\/uploads\/2020\/11\/1st-3-495x400.jpg 495w, https:\/\/modulu-majas.lv\/wp-content\/uploads\/2020\/11\/1st-3-845x684.jpg 845w\" sizes=\"(max-width: 495px) 100vw, 495px\" \/><div class='big-prev-fake'><img decoding=\"async\" loading=\"lazy\" class=\"wp-image-2125 avia-img-lazy-loading-2125\"  width=\"495\" height=\"400\" src=\"https:\/\/modulu-majas.lv\/wp-content\/uploads\/2020\/11\/1st-3-495x400.jpg\" title='1st-3 ( , A SCORE INN )' alt='' srcset=\"https:\/\/modulu-majas.lv\/wp-content\/uploads\/2020\/11\/1st-3-495x400.jpg 495w, https:\/\/modulu-majas.lv\/wp-content\/uploads\/2020\/11\/1st-3-845x684.jpg 845w\" sizes=\"auto, (max-width: 495px) 100vw, 495px\" \/><\/div><\/a><\/div><\/div><\/div>\n<style type=\"text\/css\" data-created_by=\"avia_inline_auto\" id=\"style-css-av-aepmx0-3e0c1f3386e220da6b3a78ebbe0f681b\">\n.flex_column.av-aepmx0-3e0c1f3386e220da6b3a78ebbe0f681b{\nborder-radius:0px 0px 0px 0px;\npadding:0px 0px 0px 0px;\n}\n<\/style>\n<div  class='flex_column av-aepmx0-3e0c1f3386e220da6b3a78ebbe0f681b av_one_half  avia-builder-el-4  el_after_av_one_half  avia-builder-el-last  flex_column_div av-zero-column-padding  '     ><p>\n<style type=\"text\/css\" data-created_by=\"avia_inline_auto\" id=\"style-css-av-kp6nuwjh-d03726d9dd376350d813aa2e2299a18a\">\n#top .av-special-heading.av-kp6nuwjh-d03726d9dd376350d813aa2e2299a18a{\npadding-bottom:0;\n}\nbody .av-special-heading.av-kp6nuwjh-d03726d9dd376350d813aa2e2299a18a .av-special-heading-tag .heading-char{\nfont-size:25px;\n}\n.av-special-heading.av-kp6nuwjh-d03726d9dd376350d813aa2e2299a18a .av-subheading{\nfont-size:15px;\n}\n<\/style>\n<div  class='av-special-heading av-kp6nuwjh-d03726d9dd376350d813aa2e2299a18a av-special-heading-h3  avia-builder-el-5  el_before_av_textblock  avia-builder-el-first '><h3 class='av-special-heading-tag '  itemprop=\"headline\"  >Board cladding<\/h3><div class=\"special-heading-border\"><div class=\"special-heading-inner-border\"><\/div><\/div><\/div><br \/>\n<section  class='av_textblock_section av-kp6nudvt-3c02097402f490b6bebe24f1fc0c70db '   itemscope=\"itemscope\" itemtype=\"https:\/\/schema.org\/CreativeWork\" ><div class='avia_textblock'  itemprop=\"text\" ><p>Description of these options&#8230; Description of these options&#8230; Description of these options&#8230;<\/p>\n<\/div><\/section><\/p><\/div><\/div><\/div><\/div><!-- close content main div --><\/div><\/div><div id='av_section_2'  class='avia-section av-a7ev1g-1e921ee42754f8372d5f6383c92a8a8c main_color avia-section-default avia-no-shadow  avia-builder-el-7  el_after_av_section  avia-builder-el-last  avia-bg-style-scroll container_wrap sidebar_right'  ><div class='container av-section-cont-open' ><div class='template-page content  av-content-small alpha units'><div class='post-entry post-entry-type-page post-entry-2679'><div class='entry-content-wrapper clearfix'>\n\n<style type=\"text\/css\" data-created_by=\"avia_inline_auto\" id=\"style-css-av-99l85w-75477d612af1c5e58695c83b60fea10a\">\n.flex_column.av-99l85w-75477d612af1c5e58695c83b60fea10a{\nborder-radius:0px 0px 0px 0px;\npadding:0px 0px 0px 0px;\n}\n<\/style>\n<div  class='flex_column av-99l85w-75477d612af1c5e58695c83b60fea10a av_one_half  avia-builder-el-8  el_before_av_one_half  avia-builder-el-first  first flex_column_div av-zero-column-padding  '     ><style type=\"text\/css\" data-created_by=\"avia_inline_auto\" id=\"style-css-av-7sr7xw-90a9235614491bb0b3fa993fe436d907\">\n#top .avia-gallery.av-7sr7xw-90a9235614491bb0b3fa993fe436d907 .avia-gallery-thumb a{\nwidth:33.3333%;\n}\n<\/style>\n<div  class='avia-gallery av-7sr7xw-90a9235614491bb0b3fa993fe436d907 avia_animate_when_visible  avia-builder-el-9  avia-builder-el-no-sibling  avia_lazyload avia-gallery-animate avia-gallery-2'  itemprop=\"image\" itemscope=\"itemscope\" itemtype=\"https:\/\/schema.org\/ImageObject\" ><meta itemprop=\"contentURL\" content=\"https:\/\/modulu-majas.lv\/en\/finishing-options\/\"><div class='avia-gallery-thumb'><a href=\"https:\/\/modulu-majas.lv\/wp-content\/uploads\/2021\/04\/IMG_4255-HDR-1-1030x687.jpg\" data-srcset=\"https:\/\/modulu-majas.lv\/wp-content\/uploads\/2021\/04\/IMG_4255-HDR-1-1030x687.jpg 1030w, https:\/\/modulu-majas.lv\/wp-content\/uploads\/2021\/04\/IMG_4255-HDR-1-300x200.jpg 300w, https:\/\/modulu-majas.lv\/wp-content\/uploads\/2021\/04\/IMG_4255-HDR-1-768x512.jpg 768w, https:\/\/modulu-majas.lv\/wp-content\/uploads\/2021\/04\/IMG_4255-HDR-1-1536x1024.jpg 1536w, https:\/\/modulu-majas.lv\/wp-content\/uploads\/2021\/04\/IMG_4255-HDR-1-2048x1366.jpg 2048w, https:\/\/modulu-majas.lv\/wp-content\/uploads\/2021\/04\/IMG_4255-HDR-1-1500x1000.jpg 1500w, https:\/\/modulu-majas.lv\/wp-content\/uploads\/2021\/04\/IMG_4255-HDR-1-705x470.jpg 705w\" data-sizes=\"(max-width: 1030px) 100vw, 1030px\" data-rel='gallery-2' data-prev-img='https:\/\/modulu-majas.lv\/wp-content\/uploads\/2021\/04\/IMG_4255-HDR-1-495x400.jpg' class='first_thumb lightbox ' data-onclick='1' title='IMG_4255-HDR-1'  itemprop=\"thumbnailUrl\"  ><img decoding=\"async\" fetchpriority=\"high\" class=\"wp-image-2288 avia-img-lazy-loading-not-2288\"   src=\"https:\/\/modulu-majas.lv\/wp-content\/uploads\/2021\/04\/IMG_4255-HDR-1-495x400.jpg\" width=\"495\" height=\"400\"  title='IMG_4255-HDR-1' alt='' srcset=\"https:\/\/modulu-majas.lv\/wp-content\/uploads\/2021\/04\/IMG_4255-HDR-1-495x400.jpg 495w, https:\/\/modulu-majas.lv\/wp-content\/uploads\/2021\/04\/IMG_4255-HDR-1-845x684.jpg 845w\" sizes=\"(max-width: 495px) 100vw, 495px\" \/><div class='big-prev-fake'><img decoding=\"async\" loading=\"lazy\" class=\"wp-image-2288 avia-img-lazy-loading-2288\"  width=\"495\" height=\"400\" src=\"https:\/\/modulu-majas.lv\/wp-content\/uploads\/2021\/04\/IMG_4255-HDR-1-495x400.jpg\" title='IMG_4255-HDR-1' alt='' srcset=\"https:\/\/modulu-majas.lv\/wp-content\/uploads\/2021\/04\/IMG_4255-HDR-1-495x400.jpg 495w, https:\/\/modulu-majas.lv\/wp-content\/uploads\/2021\/04\/IMG_4255-HDR-1-845x684.jpg 845w\" sizes=\"auto, (max-width: 495px) 100vw, 495px\" \/><\/div><\/a><a href=\"https:\/\/modulu-majas.lv\/wp-content\/uploads\/2021\/01\/13-875x1030.jpg\" data-srcset=\"https:\/\/modulu-majas.lv\/wp-content\/uploads\/2021\/01\/13-875x1030.jpg 875w, https:\/\/modulu-majas.lv\/wp-content\/uploads\/2021\/01\/13-255x300.jpg 255w, https:\/\/modulu-majas.lv\/wp-content\/uploads\/2021\/01\/13-768x904.jpg 768w, https:\/\/modulu-majas.lv\/wp-content\/uploads\/2021\/01\/13-599x705.jpg 599w, https:\/\/modulu-majas.lv\/wp-content\/uploads\/2021\/01\/13.jpg 1086w\" data-sizes=\"(max-width: 875px) 100vw, 875px\" data-rel='gallery-2' data-prev-img='https:\/\/modulu-majas.lv\/wp-content\/uploads\/2021\/01\/13-495x400.jpg' class='lightbox ' data-onclick='2' title='13'  itemprop=\"thumbnailUrl\"  ><img decoding=\"async\" fetchpriority=\"high\" class=\"wp-image-2207 avia-img-lazy-loading-not-2207\"   src=\"https:\/\/modulu-majas.lv\/wp-content\/uploads\/2021\/01\/13-495x400.jpg\" width=\"495\" height=\"400\"  title='13' alt='' srcset=\"https:\/\/modulu-majas.lv\/wp-content\/uploads\/2021\/01\/13-495x400.jpg 495w, https:\/\/modulu-majas.lv\/wp-content\/uploads\/2021\/01\/13-845x684.jpg 845w\" sizes=\"(max-width: 495px) 100vw, 495px\" \/><div class='big-prev-fake'><img decoding=\"async\" loading=\"lazy\" class=\"wp-image-2207 avia-img-lazy-loading-2207\"  width=\"495\" height=\"400\" src=\"https:\/\/modulu-majas.lv\/wp-content\/uploads\/2021\/01\/13-495x400.jpg\" title='13' alt='' srcset=\"https:\/\/modulu-majas.lv\/wp-content\/uploads\/2021\/01\/13-495x400.jpg 495w, https:\/\/modulu-majas.lv\/wp-content\/uploads\/2021\/01\/13-845x684.jpg 845w\" sizes=\"auto, (max-width: 495px) 100vw, 495px\" \/><\/div><\/a><a href=\"https:\/\/modulu-majas.lv\/wp-content\/uploads\/2020\/11\/1st-3-1030x772.jpg\" data-srcset=\"https:\/\/modulu-majas.lv\/wp-content\/uploads\/2020\/11\/1st-3-1030x772.jpg 1030w, https:\/\/modulu-majas.lv\/wp-content\/uploads\/2020\/11\/1st-3-300x225.jpg 300w, https:\/\/modulu-majas.lv\/wp-content\/uploads\/2020\/11\/1st-3-768x576.jpg 768w, https:\/\/modulu-majas.lv\/wp-content\/uploads\/2020\/11\/1st-3-1500x1125.jpg 1500w, https:\/\/modulu-majas.lv\/wp-content\/uploads\/2020\/11\/1st-3-705x529.jpg 705w, https:\/\/modulu-majas.lv\/wp-content\/uploads\/2020\/11\/1st-3.jpg 1535w\" data-sizes=\"(max-width: 1030px) 100vw, 1030px\" data-rel='gallery-2' data-prev-img='https:\/\/modulu-majas.lv\/wp-content\/uploads\/2020\/11\/1st-3-495x400.jpg' class='lightbox ' data-onclick='3' title='1st-3 ( , A SCORE INN )'  itemprop=\"thumbnailUrl\"  ><img decoding=\"async\" fetchpriority=\"high\" class=\"wp-image-2125 avia-img-lazy-loading-not-2125\"   src=\"https:\/\/modulu-majas.lv\/wp-content\/uploads\/2020\/11\/1st-3-495x400.jpg\" width=\"495\" height=\"400\"  title='1st-3 ( , A SCORE INN )' alt='' srcset=\"https:\/\/modulu-majas.lv\/wp-content\/uploads\/2020\/11\/1st-3-495x400.jpg 495w, https:\/\/modulu-majas.lv\/wp-content\/uploads\/2020\/11\/1st-3-845x684.jpg 845w\" sizes=\"(max-width: 495px) 100vw, 495px\" \/><div class='big-prev-fake'><img decoding=\"async\" loading=\"lazy\" class=\"wp-image-2125 avia-img-lazy-loading-2125\"  width=\"495\" height=\"400\" src=\"https:\/\/modulu-majas.lv\/wp-content\/uploads\/2020\/11\/1st-3-495x400.jpg\" title='1st-3 ( , A SCORE INN )' alt='' srcset=\"https:\/\/modulu-majas.lv\/wp-content\/uploads\/2020\/11\/1st-3-495x400.jpg 495w, https:\/\/modulu-majas.lv\/wp-content\/uploads\/2020\/11\/1st-3-845x684.jpg 845w\" sizes=\"auto, (max-width: 495px) 100vw, 495px\" \/><\/div><\/a><\/div><\/div><\/div>\n<style type=\"text\/css\" data-created_by=\"avia_inline_auto\" id=\"style-css-av-5l3mx0-a2b14eb0c1d33e4aac99ff6e02cb8b31\">\n.flex_column.av-5l3mx0-a2b14eb0c1d33e4aac99ff6e02cb8b31{\nborder-radius:0px 0px 0px 0px;\npadding:0px 0px 0px 0px;\n}\n<\/style>\n<div  class='flex_column av-5l3mx0-a2b14eb0c1d33e4aac99ff6e02cb8b31 av_one_half  avia-builder-el-10  el_after_av_one_half  avia-builder-el-last  flex_column_div av-zero-column-padding  '     ><p>\n<style type=\"text\/css\" data-created_by=\"avia_inline_auto\" id=\"style-css-av-3hxvic-b04ea4c279ffa75c724de3ee25661d01\">\n#top .av-special-heading.av-3hxvic-b04ea4c279ffa75c724de3ee25661d01{\npadding-bottom:0;\n}\nbody .av-special-heading.av-3hxvic-b04ea4c279ffa75c724de3ee25661d01 .av-special-heading-tag .heading-char{\nfont-size:25px;\n}\n.av-special-heading.av-3hxvic-b04ea4c279ffa75c724de3ee25661d01 .av-subheading{\nfont-size:15px;\n}\n<\/style>\n<div  class='av-special-heading av-3hxvic-b04ea4c279ffa75c724de3ee25661d01 av-special-heading-h3  avia-builder-el-11  el_before_av_textblock  avia-builder-el-first '><h3 class='av-special-heading-tag '  itemprop=\"headline\"  >Board cladding<\/h3><div class=\"special-heading-border\"><div class=\"special-heading-inner-border\"><\/div><\/div><\/div><br \/>\n<section  class='av_textblock_section av-2vsz8k-d650e486f3ad351202d5bb1259ff0511 '   itemscope=\"itemscope\" itemtype=\"https:\/\/schema.org\/CreativeWork\" ><div class='avia_textblock'  itemprop=\"text\" ><p>Description of these options&#8230; Description of these options&#8230; Description of these options&#8230;<\/p>\n<\/div><\/section><\/p><\/div><\/div><\/div><\/div><!-- close content main div --><\/div><\/div><div id='after_section_2'  class='main_color av_default_container_wrap container_wrap sidebar_right'  ><div class='container av-section-cont-open' ><div class='template-page content  av-content-small alpha units'><div class='post-entry post-entry-type-page post-entry-2679'><div class='entry-content-wrapper clearfix'><\/p>\n","protected":false},"excerpt":{"rendered":"","protected":false},"author":1,"featured_media":0,"parent":0,"menu_order":0,"comment_status":"closed","ping_status":"closed","template":"","meta":{"footnotes":""},"class_list":["post-2679","page","type-page","status-publish","hentry"],"yoast_head":"<!-- This site is optimized with the Yoast SEO plugin v26.7 - https:\/\/yoast.com\/wordpress\/plugins\/seo\/ -->\n<title>Finishing options - Modu\u013cu m\u0101jas \u2013 vasarn\u012bcas, vissezonas m\u0101jas, biroji, darbn\u012bcas<\/title>\n<meta name=\"robots\" content=\"index, follow, max-snippet:-1, max-image-preview:large, max-video-preview:-1\" \/>\n<link rel=\"canonical\" href=\"https:\/\/modulu-majas.lv\/en\/finishing-options\/\" \/>\n<meta property=\"og:locale\" content=\"en_US\" \/>\n<meta property=\"og:type\" content=\"article\" \/>\n<meta property=\"og:title\" content=\"Finishing options - Modu\u013cu m\u0101jas \u2013 vasarn\u012bcas, vissezonas m\u0101jas, biroji, darbn\u012bcas\" \/>\n<meta property=\"og:url\" content=\"https:\/\/modulu-majas.lv\/en\/finishing-options\/\" \/>\n<meta property=\"og:site_name\" content=\"Modu\u013cu m\u0101jas \u2013 vasarn\u012bcas, vissezonas m\u0101jas, biroji, darbn\u012bcas\" \/>\n<meta property=\"article:publisher\" content=\"https:\/\/www.facebook.com\/SparsAP\/\" \/>\n<meta property=\"article:modified_time\" content=\"2022-04-05T13:35:16+00:00\" \/>\n<meta name=\"twitter:card\" content=\"summary_large_image\" \/>\n<meta name=\"twitter:label1\" content=\"Est. reading time\" \/>\n\t<meta name=\"twitter:data1\" content=\"6 minutes\" \/>\n<script type=\"application\/ld+json\" class=\"yoast-schema-graph\">{\"@context\":\"https:\/\/schema.org\",\"@graph\":[{\"@type\":\"WebPage\",\"@id\":\"https:\/\/modulu-majas.lv\/en\/finishing-options\/\",\"url\":\"https:\/\/modulu-majas.lv\/en\/finishing-options\/\",\"name\":\"Finishing options - Modu\u013cu m\u0101jas \u2013 vasarn\u012bcas, vissezonas m\u0101jas, biroji, darbn\u012bcas\",\"isPartOf\":{\"@id\":\"https:\/\/modulu-majas.lv\/en\/#website\"},\"datePublished\":\"2021-08-06T20:20:50+00:00\",\"dateModified\":\"2022-04-05T13:35:16+00:00\",\"breadcrumb\":{\"@id\":\"https:\/\/modulu-majas.lv\/en\/finishing-options\/#breadcrumb\"},\"inLanguage\":\"en-US\",\"potentialAction\":[{\"@type\":\"ReadAction\",\"target\":[\"https:\/\/modulu-majas.lv\/en\/finishing-options\/\"]}]},{\"@type\":\"BreadcrumbList\",\"@id\":\"https:\/\/modulu-majas.lv\/en\/finishing-options\/#breadcrumb\",\"itemListElement\":[{\"@type\":\"ListItem\",\"position\":1,\"name\":\"Home\",\"item\":\"https:\/\/modulu-majas.lv\/en\/\"},{\"@type\":\"ListItem\",\"position\":2,\"name\":\"Finishing options\"}]},{\"@type\":\"WebSite\",\"@id\":\"https:\/\/modulu-majas.lv\/en\/#website\",\"url\":\"https:\/\/modulu-majas.lv\/en\/\",\"name\":\"Modu\u013cu m\u0101jas \u2013 vasarn\u012bcas, vissezonas m\u0101jas, biroji, darbn\u012bcas\",\"description\":\"No paaudzes paaudz\u0113\",\"publisher\":{\"@id\":\"https:\/\/modulu-majas.lv\/en\/#organization\"},\"potentialAction\":[{\"@type\":\"SearchAction\",\"target\":{\"@type\":\"EntryPoint\",\"urlTemplate\":\"https:\/\/modulu-majas.lv\/en\/?s={search_term_string}\"},\"query-input\":{\"@type\":\"PropertyValueSpecification\",\"valueRequired\":true,\"valueName\":\"search_term_string\"}}],\"inLanguage\":\"en-US\"},{\"@type\":\"Organization\",\"@id\":\"https:\/\/modulu-majas.lv\/en\/#organization\",\"name\":\"Modu\u013cu m\u0101jas\",\"url\":\"https:\/\/modulu-majas.lv\/en\/\",\"logo\":{\"@type\":\"ImageObject\",\"inLanguage\":\"en-US\",\"@id\":\"https:\/\/modulu-majas.lv\/en\/#\/schema\/logo\/image\/\",\"url\":\"https:\/\/modulu-majas.lv\/wp-content\/uploads\/2020\/02\/Spars_AP-logo_no-paaudzes-paaudze.png\",\"contentUrl\":\"https:\/\/modulu-majas.lv\/wp-content\/uploads\/2020\/02\/Spars_AP-logo_no-paaudzes-paaudze.png\",\"width\":674,\"height\":264,\"caption\":\"Modu\u013cu m\u0101jas\"},\"image\":{\"@id\":\"https:\/\/modulu-majas.lv\/en\/#\/schema\/logo\/image\/\"},\"sameAs\":[\"https:\/\/www.facebook.com\/SparsAP\/\"]}]}<\/script>\n<!-- \/ Yoast SEO plugin. -->","yoast_head_json":{"title":"Finishing options - Modu\u013cu m\u0101jas \u2013 vasarn\u012bcas, vissezonas m\u0101jas, biroji, darbn\u012bcas","robots":{"index":"index","follow":"follow","max-snippet":"max-snippet:-1","max-image-preview":"max-image-preview:large","max-video-preview":"max-video-preview:-1"},"canonical":"https:\/\/modulu-majas.lv\/en\/finishing-options\/","og_locale":"en_US","og_type":"article","og_title":"Finishing options - Modu\u013cu m\u0101jas \u2013 vasarn\u012bcas, vissezonas m\u0101jas, biroji, darbn\u012bcas","og_url":"https:\/\/modulu-majas.lv\/en\/finishing-options\/","og_site_name":"Modu\u013cu m\u0101jas \u2013 vasarn\u012bcas, vissezonas m\u0101jas, biroji, darbn\u012bcas","article_publisher":"https:\/\/www.facebook.com\/SparsAP\/","article_modified_time":"2022-04-05T13:35:16+00:00","twitter_card":"summary_large_image","twitter_misc":{"Est. reading time":"6 minutes"},"schema":{"@context":"https:\/\/schema.org","@graph":[{"@type":"WebPage","@id":"https:\/\/modulu-majas.lv\/en\/finishing-options\/","url":"https:\/\/modulu-majas.lv\/en\/finishing-options\/","name":"Finishing options - Modu\u013cu m\u0101jas \u2013 vasarn\u012bcas, vissezonas m\u0101jas, biroji, darbn\u012bcas","isPartOf":{"@id":"https:\/\/modulu-majas.lv\/en\/#website"},"datePublished":"2021-08-06T20:20:50+00:00","dateModified":"2022-04-05T13:35:16+00:00","breadcrumb":{"@id":"https:\/\/modulu-majas.lv\/en\/finishing-options\/#breadcrumb"},"inLanguage":"en-US","potentialAction":[{"@type":"ReadAction","target":["https:\/\/modulu-majas.lv\/en\/finishing-options\/"]}]},{"@type":"BreadcrumbList","@id":"https:\/\/modulu-majas.lv\/en\/finishing-options\/#breadcrumb","itemListElement":[{"@type":"ListItem","position":1,"name":"Home","item":"https:\/\/modulu-majas.lv\/en\/"},{"@type":"ListItem","position":2,"name":"Finishing options"}]},{"@type":"WebSite","@id":"https:\/\/modulu-majas.lv\/en\/#website","url":"https:\/\/modulu-majas.lv\/en\/","name":"Modu\u013cu m\u0101jas \u2013 vasarn\u012bcas, vissezonas m\u0101jas, biroji, darbn\u012bcas","description":"No paaudzes paaudz\u0113","publisher":{"@id":"https:\/\/modulu-majas.lv\/en\/#organization"},"potentialAction":[{"@type":"SearchAction","target":{"@type":"EntryPoint","urlTemplate":"https:\/\/modulu-majas.lv\/en\/?s={search_term_string}"},"query-input":{"@type":"PropertyValueSpecification","valueRequired":true,"valueName":"search_term_string"}}],"inLanguage":"en-US"},{"@type":"Organization","@id":"https:\/\/modulu-majas.lv\/en\/#organization","name":"Modu\u013cu m\u0101jas","url":"https:\/\/modulu-majas.lv\/en\/","logo":{"@type":"ImageObject","inLanguage":"en-US","@id":"https:\/\/modulu-majas.lv\/en\/#\/schema\/logo\/image\/","url":"https:\/\/modulu-majas.lv\/wp-content\/uploads\/2020\/02\/Spars_AP-logo_no-paaudzes-paaudze.png","contentUrl":"https:\/\/modulu-majas.lv\/wp-content\/uploads\/2020\/02\/Spars_AP-logo_no-paaudzes-paaudze.png","width":674,"height":264,"caption":"Modu\u013cu m\u0101jas"},"image":{"@id":"https:\/\/modulu-majas.lv\/en\/#\/schema\/logo\/image\/"},"sameAs":["https:\/\/www.facebook.com\/SparsAP\/"]}]}},"_links":{"self":[{"href":"https:\/\/modulu-majas.lv\/en\/wp-json\/wp\/v2\/pages\/2679","targetHints":{"allow":["GET"]}}],"collection":[{"href":"https:\/\/modulu-majas.lv\/en\/wp-json\/wp\/v2\/pages"}],"about":[{"href":"https:\/\/modulu-majas.lv\/en\/wp-json\/wp\/v2\/types\/page"}],"author":[{"embeddable":true,"href":"https:\/\/modulu-majas.lv\/en\/wp-json\/wp\/v2\/users\/1"}],"replies":[{"embeddable":true,"href":"https:\/\/modulu-majas.lv\/en\/wp-json\/wp\/v2\/comments?post=2679"}],"version-history":[{"count":5,"href":"https:\/\/modulu-majas.lv\/en\/wp-json\/wp\/v2\/pages\/2679\/revisions"}],"predecessor-version":[{"id":3103,"href":"https:\/\/modulu-majas.lv\/en\/wp-json\/wp\/v2\/pages\/2679\/revisions\/3103"}],"wp:attachment":[{"href":"https:\/\/modulu-majas.lv\/en\/wp-json\/wp\/v2\/media?parent=2679"}],"curies":[{"name":"wp","href":"https:\/\/api.w.org\/{rel}","templated":true}]}}