{"id":1013,"date":"2020-02-10T14:07:18","date_gmt":"2020-02-10T12:07:18","guid":{"rendered":"https:\/\/majas.bumbierkoks.com\/price-calculator\/"},"modified":"2020-02-10T14:07:18","modified_gmt":"2020-02-10T12:07:18","slug":"price-calculator","status":"publish","type":"page","link":"https:\/\/modulu-majas.lv\/en\/price-calculator\/","title":{"rendered":"Price calculator"},"content":{"rendered":"\n<style type=\"text\/css\" data-created_by=\"avia_inline_auto\" id=\"style-css-av-28nsu-5430490aa5804d8ea3401f6bcb7e83cf\">\n#top .av-special-heading.av-28nsu-5430490aa5804d8ea3401f6bcb7e83cf{\npadding-bottom:10px;\n}\nbody .av-special-heading.av-28nsu-5430490aa5804d8ea3401f6bcb7e83cf .av-special-heading-tag .heading-char{\nfont-size:25px;\n}\n.av-special-heading.av-28nsu-5430490aa5804d8ea3401f6bcb7e83cf .av-subheading{\nfont-size:15px;\n}\n<\/style>\n<div  class='av-special-heading av-28nsu-5430490aa5804d8ea3401f6bcb7e83cf av-special-heading-h1 blockquote modern-quote  avia-builder-el-0  el_before_av_hr  avia-builder-el-first '><h1 class='av-special-heading-tag '  itemprop=\"headline\"  >Find out the price<\/h1><div class=\"special-heading-border\"><div class=\"special-heading-inner-border\"><\/div><\/div><\/div>\n<div  class='hr av-k1j3n0uw-c500d61bc03f1c23f0a393726178b322 hr-big  avia-builder-el-1  el_after_av_heading  el_before_av_one_fifth '><span class='hr-inner '><span class=\"hr-inner-style\"><\/span><\/span><\/div>\n\n<style type=\"text\/css\" data-created_by=\"avia_inline_auto\" id=\"style-css-av-1nvt2-86eccb387dd10acd1eb97ea727e59948\">\n.flex_column.av-1nvt2-86eccb387dd10acd1eb97ea727e59948{\nborder-radius:0px 0px 0px 0px;\npadding:0px 0px 0px 0px;\n}\n<\/style>\n<div  class='flex_column av-1nvt2-86eccb387dd10acd1eb97ea727e59948 av_one_fifth  avia-builder-el-2  el_after_av_hr  el_before_av_three_fifth  first flex_column_div av-zero-column-padding  '     ><\/div>\n\n<style type=\"text\/css\" data-created_by=\"avia_inline_auto\" id=\"style-css-av-vd6q-51b2b9f4819ea51dbc8a7ff0a22f5ad5\">\n.flex_column.av-vd6q-51b2b9f4819ea51dbc8a7ff0a22f5ad5{\nborder-radius:0px 0px 0px 0px;\npadding:0px 0px 0px 0px;\n}\n<\/style>\n<div  class='flex_column av-vd6q-51b2b9f4819ea51dbc8a7ff0a22f5ad5 av_three_fifth  avia-builder-el-3  el_after_av_one_fifth  avia-builder-el-last  flex_column_div av-zero-column-padding  '     ><section  class='av_textblock_section av-k1j3kaix-559f790c2fb6482915c2c53034a18138 '   itemscope=\"itemscope\" itemtype=\"https:\/\/schema.org\/CreativeWork\" ><div class='avia_textblock'  itemprop=\"text\" ><div class=\"btQuoteBooking  btQuoteBookingWithColor c69f2865dc6e5f\"  data-admin_email=\"info@modulu-majas.lv\" data-cf7_id=\"\" data-email_client=\"yes\" data-email_gdpr=\"\" data-email_gdpr_text=\"\" data-email_gdpr_not_text=\"\" data-currency=\"EUR\" data-currency_after=\"yes\" data-currency_space=\"yes\" data-url_confirmation=\"\" data-url_ajax=\"https:\/\/modulu-majas.lv\/wp-admin\/admin-ajax.php\" data-subject=\"Price from calculator\" data-email_header=\"\" data-email_footer=\"\" data-date_text=\"Preferred Service Date\" data-time_text=\"Preferred Service Time\" data-message_please_wait=\"Please wait...\" data-message_success=\"Thank you, we will contact you soon!\" data-message_error=\"Error! Please try again later.\" data-message_mandatory=\"Please fill out all required fields.\" data-rec_secret_key=\"\" data-total_text=\"Total excluding VAT\" data-total_format=\"rounded\" data-total_decimals=\"2\" data-date_format=\"mm\/dd\/yy\" data-bt_cc_nonce=\"5ec6a97b11\"><div class=\"btQuoteBookingWrap\"><div class=\"btQuoteBookingForm btActive\"><div class=\"btQuoteGBlock \" data-eval=\"dmFyIG1hamEgPSAkMTsKdmFyIGt2YWRyYXRtZXRyaSA9ICQyOwp2YXIgcGFtYXRpID0gJDM7CnZhciB0ZXJhc2VzZ3JpZGEgPSAkNDsKCnZhciByZXN1bHQgPSBrdmFkcmF0bWV0cmkgKiBtYWphICsgcGFtYXRpICogKGt2YWRyYXRtZXRyaSArIHRlcmFzZXNncmlkYSkgKyB0ZXJhc2VzZ3JpZGEgKiAxOTU7CgppZiAoKGt2YWRyYXRtZXRyaSA+PSAxMCkgJiYgKG1hamE9PTY3MCkpIHJlc3VsdCA9IGt2YWRyYXRtZXRyaSAqIDY4MCArIHBhbWF0aSAqIChrdmFkcmF0bWV0cmkgKyB0ZXJhc2VzZ3JpZGEpICsgdGVyYXNlc2dyaWRhICogMTk1OwppZiAoKGt2YWRyYXRtZXRyaSA+PSAxMCkgJiYgKG1hamE9PTcyMCkpIHJlc3VsdCA9IGt2YWRyYXRtZXRyaSAqIDczMCArIHBhbWF0aSAqIChrdmFkcmF0bWV0cmkgKyB0ZXJhc2VzZ3JpZGEpICsgdGVyYXNlc2dyaWRhICogMTk1OwppZiAoKGt2YWRyYXRtZXRyaSA+PSA2NSkgJiYgKGt2YWRyYXRtZXRyaSA8IDMwMCkpIHJlc3VsdCA9IGt2YWRyYXRtZXRyaSAqIG1hamEgKyBwYW1hdGkgKiAoa3ZhZHJhdG1ldHJpICsgdGVyYXNlc2dyaWRhKSArIHRlcmFzZXNncmlkYSAqIDE5NTsKCgpyZXR1cm4gcmVzdWx0Ow==\" data-paypal_label=\"\" id=\"btQuoteItem69f2865dc6fe9\" ><div class=\"btQuoteItem \" id=\"btQuoteItem69f2865dc7205\" ><label>Cottage or all-season house<\/label>\n\t\t<div class=\"btQuoteItemInput\"><div id=\"69f2865dc784dW275\" class=\"btQuoteSelect btContactField btDropDown btQuoteElement\" data-condition=\"\" data-initial-value=\"0\"><\/div><\/div><\/div><div class=\"btQuoteItem \" id=\"btQuoteItem69f2865dc7a47\" ><label>Square meters<\/label>\n\t\t<div class=\"btQuoteItemInput\"><div class=\"btQuoteSlider btQuoteElement\" data-value=\"30\"  data-initial-value=\"30\" data-min=\"10\" data-max=\"300\" data-step=\"5\" data-price=\"1\" data-offset=\"0\" data-condition=\"\"><\/div><span class=\"btQuoteSliderValue\">30<\/span><\/div><\/div><div class=\"btQuoteItem \" id=\"btQuoteItem69f2865dc7bf4\" ><label>Foundations<\/label>\n\t\t<div class=\"btQuoteItemInput\"><div class=\"btQuoteSwitch btQuoteElement\" data-off=\"0\" data-on=\"40\" data-condition=\"\" data-initial-value=\"0\"><div class=\"btQuoteSwitchInner\"><\/div><\/div><div class=\"btQuoteItemDescription\">With or without our columnar foundations<\/div><\/div><\/div><div class=\"btQuoteItem \" id=\"btQuoteItem69f2865dc7d76\" ><label>Terrace floor<\/label>\n\t\t<div class=\"btQuoteItemInput\"><div class=\"btQuoteSlider btQuoteElement\" data-value=\"0\"  data-initial-value=\"0\" data-min=\"0\" data-max=\"90\" data-step=\"5\" data-price=\"1\" data-offset=\"0\" data-condition=\"\"><\/div><span class=\"btQuoteSliderValue\">0<\/span><\/div><\/div><\/div><div class=\"btQuoteItem \" id=\"btQuoteItem69f2865dc7fa1\" ><label>Terrace roof<\/label>\n\t\t<div class=\"btQuoteItemInput\"><div class=\"btQuoteSlider btQuoteElement\" data-value=\"0\"  data-initial-value=\"0\" data-min=\"0\" data-max=\"90\" data-step=\"5\" data-price=\"190\" data-offset=\"0\" data-condition=\"\"><\/div><span class=\"btQuoteSliderValue\">0<\/span><\/div><\/div>The price is for information only. To specify the price, please send your desired configuration by clicking on the NEXT button and we will contact you to clarify the offer.\nTransportation costs are calculated on a case-by-case basis.<div class=\"btTotalNextWrapper\"><div class=\"btQuoteTotal currencyAfter\"><span class=\"btQuoteTotalText\">Total excluding VAT<\/span><span class=\"btQuoteTotalCalc\"><\/span><span class=\"btQuoteTotalCurrency\">&nbsp;EUR<\/span><\/div><div class=\"boldBtn btnAccent btnSmall btnIco\"><button type=\"submit\" class=\"btContactNext\">Next<\/button><\/div><\/div><\/div><div class=\"btTotalQuoteContactGroup\"><div class=\"btQuoteContact\"><form action=\"#\"><div class=\"btQuoteItem btContactFieldMandatory\"><input type=\"text\" class=\"btContactName btContactField\" placeholder=\"Name\" autocomplete=\"name\"><\/div><div class=\"btQuoteItem btContactFieldMandatory\"><input type=\"text\" class=\"btContactEmail btContactField\" placeholder=\"Email\" autocomplete=\"email\"><\/div><div class=\"btQuoteItem\"><input type=\"text\" class=\"btContactPhone btContactField\" placeholder=\"Phone\" autocomplete=\"tel\"><\/div><div class=\"btQuoteItem\"><input type=\"text\" class=\"btContactAddress btContactField\" placeholder=\"Address\"><\/div><div class=\"btQuoteItem btQuoteItemFullWidth\"><textarea class=\"btContactMessage btContactField\" placeholder=\"Message\"><\/textarea><\/div><div class=\"bt_cc_email_confirmation_container\"><input id=\"69f2865dc8140\" class=\"bt_cc_email_confirmation\" type=\"checkbox\" value=\"yes\"><label for=\"69f2865dc8140\">Email me quote!<\/label><\/div><div class=\"boldBtn btnAccent btnSmall btnIco\"><button type=\"submit\" class=\"btContactSubmit\">Submit<\/button><\/div><div class=\"btSubmitMessage\"><\/div><\/form><\/div><!-- btQuoteContact --><\/div><\/div><\/div>\n<\/div><\/section><\/div>\n","protected":false},"excerpt":{"rendered":"","protected":false},"author":1,"featured_media":0,"parent":0,"menu_order":0,"comment_status":"closed","ping_status":"closed","template":"","meta":{"footnotes":""},"class_list":["post-1013","page","type-page","status-publish","hentry"],"yoast_head":"<!-- This site is optimized with the Yoast SEO plugin v26.7 - https:\/\/yoast.com\/wordpress\/plugins\/seo\/ -->\n<title>Price calculator - Modu\u013cu m\u0101jas \u2013 vasarn\u012bcas, vissezonas m\u0101jas, biroji, darbn\u012bcas<\/title>\n<meta name=\"robots\" content=\"index, follow, max-snippet:-1, max-image-preview:large, max-video-preview:-1\" \/>\n<link rel=\"canonical\" href=\"https:\/\/modulu-majas.lv\/en\/price-calculator\/\" \/>\n<meta property=\"og:locale\" content=\"en_US\" \/>\n<meta property=\"og:type\" content=\"article\" \/>\n<meta property=\"og:title\" content=\"Price calculator - Modu\u013cu m\u0101jas \u2013 vasarn\u012bcas, vissezonas m\u0101jas, biroji, darbn\u012bcas\" \/>\n<meta property=\"og:url\" content=\"https:\/\/modulu-majas.lv\/en\/price-calculator\/\" \/>\n<meta property=\"og:site_name\" content=\"Modu\u013cu m\u0101jas \u2013 vasarn\u012bcas, vissezonas m\u0101jas, biroji, darbn\u012bcas\" \/>\n<meta property=\"article:publisher\" content=\"https:\/\/www.facebook.com\/SparsAP\/\" \/>\n<meta name=\"twitter:card\" content=\"summary_large_image\" \/>\n<meta name=\"twitter:label1\" content=\"Est. reading time\" \/>\n\t<meta name=\"twitter:data1\" content=\"2 minutes\" \/>\n<script type=\"application\/ld+json\" class=\"yoast-schema-graph\">{\"@context\":\"https:\/\/schema.org\",\"@graph\":[{\"@type\":\"WebPage\",\"@id\":\"https:\/\/modulu-majas.lv\/en\/price-calculator\/\",\"url\":\"https:\/\/modulu-majas.lv\/en\/price-calculator\/\",\"name\":\"Price calculator - Modu\u013cu m\u0101jas \u2013 vasarn\u012bcas, vissezonas m\u0101jas, biroji, darbn\u012bcas\",\"isPartOf\":{\"@id\":\"https:\/\/modulu-majas.lv\/en\/#website\"},\"datePublished\":\"2020-02-10T12:07:18+00:00\",\"breadcrumb\":{\"@id\":\"https:\/\/modulu-majas.lv\/en\/price-calculator\/#breadcrumb\"},\"inLanguage\":\"en-US\",\"potentialAction\":[{\"@type\":\"ReadAction\",\"target\":[\"https:\/\/modulu-majas.lv\/en\/price-calculator\/\"]}]},{\"@type\":\"BreadcrumbList\",\"@id\":\"https:\/\/modulu-majas.lv\/en\/price-calculator\/#breadcrumb\",\"itemListElement\":[{\"@type\":\"ListItem\",\"position\":1,\"name\":\"Home\",\"item\":\"https:\/\/modulu-majas.lv\/en\/\"},{\"@type\":\"ListItem\",\"position\":2,\"name\":\"Price calculator\"}]},{\"@type\":\"WebSite\",\"@id\":\"https:\/\/modulu-majas.lv\/en\/#website\",\"url\":\"https:\/\/modulu-majas.lv\/en\/\",\"name\":\"Modu\u013cu m\u0101jas \u2013 vasarn\u012bcas, vissezonas m\u0101jas, biroji, darbn\u012bcas\",\"description\":\"No paaudzes paaudz\u0113\",\"publisher\":{\"@id\":\"https:\/\/modulu-majas.lv\/en\/#organization\"},\"potentialAction\":[{\"@type\":\"SearchAction\",\"target\":{\"@type\":\"EntryPoint\",\"urlTemplate\":\"https:\/\/modulu-majas.lv\/en\/?s={search_term_string}\"},\"query-input\":{\"@type\":\"PropertyValueSpecification\",\"valueRequired\":true,\"valueName\":\"search_term_string\"}}],\"inLanguage\":\"en-US\"},{\"@type\":\"Organization\",\"@id\":\"https:\/\/modulu-majas.lv\/en\/#organization\",\"name\":\"Modu\u013cu m\u0101jas\",\"url\":\"https:\/\/modulu-majas.lv\/en\/\",\"logo\":{\"@type\":\"ImageObject\",\"inLanguage\":\"en-US\",\"@id\":\"https:\/\/modulu-majas.lv\/en\/#\/schema\/logo\/image\/\",\"url\":\"https:\/\/modulu-majas.lv\/wp-content\/uploads\/2020\/02\/Spars_AP-logo_no-paaudzes-paaudze.png\",\"contentUrl\":\"https:\/\/modulu-majas.lv\/wp-content\/uploads\/2020\/02\/Spars_AP-logo_no-paaudzes-paaudze.png\",\"width\":674,\"height\":264,\"caption\":\"Modu\u013cu m\u0101jas\"},\"image\":{\"@id\":\"https:\/\/modulu-majas.lv\/en\/#\/schema\/logo\/image\/\"},\"sameAs\":[\"https:\/\/www.facebook.com\/SparsAP\/\"]}]}<\/script>\n<!-- \/ Yoast SEO plugin. -->","yoast_head_json":{"title":"Price calculator - Modu\u013cu m\u0101jas \u2013 vasarn\u012bcas, vissezonas m\u0101jas, biroji, darbn\u012bcas","robots":{"index":"index","follow":"follow","max-snippet":"max-snippet:-1","max-image-preview":"max-image-preview:large","max-video-preview":"max-video-preview:-1"},"canonical":"https:\/\/modulu-majas.lv\/en\/price-calculator\/","og_locale":"en_US","og_type":"article","og_title":"Price calculator - Modu\u013cu m\u0101jas \u2013 vasarn\u012bcas, vissezonas m\u0101jas, biroji, darbn\u012bcas","og_url":"https:\/\/modulu-majas.lv\/en\/price-calculator\/","og_site_name":"Modu\u013cu m\u0101jas \u2013 vasarn\u012bcas, vissezonas m\u0101jas, biroji, darbn\u012bcas","article_publisher":"https:\/\/www.facebook.com\/SparsAP\/","twitter_card":"summary_large_image","twitter_misc":{"Est. reading time":"2 minutes"},"schema":{"@context":"https:\/\/schema.org","@graph":[{"@type":"WebPage","@id":"https:\/\/modulu-majas.lv\/en\/price-calculator\/","url":"https:\/\/modulu-majas.lv\/en\/price-calculator\/","name":"Price calculator - Modu\u013cu m\u0101jas \u2013 vasarn\u012bcas, vissezonas m\u0101jas, biroji, darbn\u012bcas","isPartOf":{"@id":"https:\/\/modulu-majas.lv\/en\/#website"},"datePublished":"2020-02-10T12:07:18+00:00","breadcrumb":{"@id":"https:\/\/modulu-majas.lv\/en\/price-calculator\/#breadcrumb"},"inLanguage":"en-US","potentialAction":[{"@type":"ReadAction","target":["https:\/\/modulu-majas.lv\/en\/price-calculator\/"]}]},{"@type":"BreadcrumbList","@id":"https:\/\/modulu-majas.lv\/en\/price-calculator\/#breadcrumb","itemListElement":[{"@type":"ListItem","position":1,"name":"Home","item":"https:\/\/modulu-majas.lv\/en\/"},{"@type":"ListItem","position":2,"name":"Price calculator"}]},{"@type":"WebSite","@id":"https:\/\/modulu-majas.lv\/en\/#website","url":"https:\/\/modulu-majas.lv\/en\/","name":"Modu\u013cu m\u0101jas \u2013 vasarn\u012bcas, vissezonas m\u0101jas, biroji, darbn\u012bcas","description":"No paaudzes paaudz\u0113","publisher":{"@id":"https:\/\/modulu-majas.lv\/en\/#organization"},"potentialAction":[{"@type":"SearchAction","target":{"@type":"EntryPoint","urlTemplate":"https:\/\/modulu-majas.lv\/en\/?s={search_term_string}"},"query-input":{"@type":"PropertyValueSpecification","valueRequired":true,"valueName":"search_term_string"}}],"inLanguage":"en-US"},{"@type":"Organization","@id":"https:\/\/modulu-majas.lv\/en\/#organization","name":"Modu\u013cu m\u0101jas","url":"https:\/\/modulu-majas.lv\/en\/","logo":{"@type":"ImageObject","inLanguage":"en-US","@id":"https:\/\/modulu-majas.lv\/en\/#\/schema\/logo\/image\/","url":"https:\/\/modulu-majas.lv\/wp-content\/uploads\/2020\/02\/Spars_AP-logo_no-paaudzes-paaudze.png","contentUrl":"https:\/\/modulu-majas.lv\/wp-content\/uploads\/2020\/02\/Spars_AP-logo_no-paaudzes-paaudze.png","width":674,"height":264,"caption":"Modu\u013cu m\u0101jas"},"image":{"@id":"https:\/\/modulu-majas.lv\/en\/#\/schema\/logo\/image\/"},"sameAs":["https:\/\/www.facebook.com\/SparsAP\/"]}]}},"_links":{"self":[{"href":"https:\/\/modulu-majas.lv\/en\/wp-json\/wp\/v2\/pages\/1013","targetHints":{"allow":["GET"]}}],"collection":[{"href":"https:\/\/modulu-majas.lv\/en\/wp-json\/wp\/v2\/pages"}],"about":[{"href":"https:\/\/modulu-majas.lv\/en\/wp-json\/wp\/v2\/types\/page"}],"author":[{"embeddable":true,"href":"https:\/\/modulu-majas.lv\/en\/wp-json\/wp\/v2\/users\/1"}],"replies":[{"embeddable":true,"href":"https:\/\/modulu-majas.lv\/en\/wp-json\/wp\/v2\/comments?post=1013"}],"version-history":[{"count":1,"href":"https:\/\/modulu-majas.lv\/en\/wp-json\/wp\/v2\/pages\/1013\/revisions"}],"predecessor-version":[{"id":1014,"href":"https:\/\/modulu-majas.lv\/en\/wp-json\/wp\/v2\/pages\/1013\/revisions\/1014"}],"wp:attachment":[{"href":"https:\/\/modulu-majas.lv\/en\/wp-json\/wp\/v2\/media?parent=1013"}],"curies":[{"name":"wp","href":"https:\/\/api.w.org\/{rel}","templated":true}]}}